{"id":5027,"date":"2025-02-06T03:40:51","date_gmt":"2025-02-06T03:40:51","guid":{"rendered":"http:\/\/localhost\/test-import\/?page_id=5027"},"modified":"2026-01-08T23:46:53","modified_gmt":"2026-01-08T20:46:53","slug":"kariyer","status":"publish","type":"page","link":"https:\/\/vardaryazilim.com\/index.php\/kariyer\/","title":{"rendered":"Kariyer"},"content":{"rendered":"\t\t<div data-elementor-type=\"wp-page\" data-elementor-id=\"5027\" class=\"elementor elementor-5027\">\n\t\t\t\t\t\t<section class=\"elementor-section elementor-top-section elementor-element elementor-element-6440edc0 ot-traditional elementor-section-boxed elementor-section-height-default elementor-section-height-default\" data-id=\"6440edc0\" data-element_type=\"section\">\n\t\t\t\t\t\t<div class=\"elementor-container elementor-column-gap-no\">\n\t\t\t\t\t<div class=\"elementor-column elementor-col-100 elementor-top-column elementor-element elementor-element-5c3ff37d ot-flex-column-vertical\" data-id=\"5c3ff37d\" data-element_type=\"column\">\n\t\t\t<div class=\"elementor-widget-wrap elementor-element-populated\">\n\t\t\t\t\t\t<div class=\"elementor-element elementor-element-4e86bef elementor-widget elementor-widget-iheading\" data-id=\"4e86bef\" data-element_type=\"widget\" data-widget_type=\"iheading.default\">\n\t\t\t\t<div class=\"elementor-widget-container\">\n\t\t\t\t\t\t\t<div class=\"ot-heading\">\r\n\t        \t            <span>\/\/ A\u00c7IK POZ\u0130SYONLAR<\/span>\r\n\t        <h2 class=\"main-heading\">Vardar Yaz\u0131l\u0131m olarak b\u00fcy\u00fcyen ekibimize, kendini geli\u015ftirmek isteyen ve dijital d\u00fcnyaya ilgi duyan ekip arkada\u015flar\u0131 ar\u0131yoruz.<\/h2>\t    <\/div>\r\n\t    \t\t\t\t<\/div>\n\t\t\t\t<\/div>\n\t\t\t\t<div class=\"elementor-element elementor-element-5001373a elementor-widget elementor-widget-text-editor\" data-id=\"5001373a\" data-element_type=\"widget\" data-widget_type=\"text-editor.default\">\n\t\t\t\t\t\t\t\t\t<p data-start=\"144\" data-end=\"276\">\u00d6zge\u00e7mi\u015finizi bizimle payla\u015f\u0131n uygun bir pozisyon a\u00e7\u0131ld\u0131\u011f\u0131nda sizinle ileti\u015fime ge\u00e7elim.<\/p>\t\t\t\t\t\t\t\t<\/div>\n\t\t\t\t<section class=\"elementor-section elementor-inner-section elementor-element elementor-element-5bc39cc2 ot-traditional elementor-section-boxed elementor-section-height-default elementor-section-height-default\" data-id=\"5bc39cc2\" data-element_type=\"section\">\n\t\t\t\t\t\t<div class=\"elementor-container elementor-column-gap-extended\">\n\t\t\t\t\t<div class=\"elementor-column elementor-col-100 elementor-inner-column elementor-element elementor-element-9963e54 ot-flex-column-vertical\" data-id=\"9963e54\" data-element_type=\"column\">\n\t\t\t<div class=\"elementor-widget-wrap elementor-element-populated\">\n\t\t\t\t\t\t<div class=\"elementor-element elementor-element-46eb670c elementor-widget elementor-widget-heading\" data-id=\"46eb670c\" data-element_type=\"widget\" data-widget_type=\"heading.default\">\n\t\t\t\t\t<h5 class=\"elementor-heading-title elementor-size-default\"><a href=\"http:\/\/wpdemo.archiwp.com\/engitech\/single-career\/\">Foto\u011fraf\u00e7\u0131 \/ Video \u0130\u00e7erik \u00dcreticisi<\/a><\/h5>\t\t\t\t<\/div>\n\t\t\t\t<div class=\"elementor-element elementor-element-29950a43 elementor-widget-divider--view-line elementor-widget elementor-widget-divider\" data-id=\"29950a43\" data-element_type=\"widget\" data-widget_type=\"divider.default\">\n\t\t\t\t\t\t\t<div class=\"elementor-divider\">\n\t\t\t<span class=\"elementor-divider-separator\">\n\t\t\t\t\t\t<\/span>\n\t\t<\/div>\n\t\t\t\t\t\t<\/div>\n\t\t\t\t<div class=\"elementor-element elementor-element-1b6e815b elementor-widget elementor-widget-text-editor\" data-id=\"1b6e815b\" data-element_type=\"widget\" data-widget_type=\"text-editor.default\">\n\t\t\t\t\t\t\t\t\t<p><strong>\u0130\u015f Tan\u0131m\u0131:<\/strong><\/p><ul data-spread=\"false\"><li><p>Sosyal medya ve dijital projeler i\u00e7in foto\u011fraf ve k\u0131sa video \u00e7ekimleri<\/p><\/li><li><p>\u00dcr\u00fcn, mekan ve etkinlik \u00e7ekimleri<\/p><\/li><li><p>Reels ve k\u0131sa video i\u00e7erikleri i\u00e7in \u00e7ekim deste\u011fi<\/p><\/li><li><p>\u00c7ekilen i\u00e7eriklerin temel d\u00fczenlemelerinin yap\u0131lmas\u0131<\/p><\/li><\/ul><p><strong>Aranan Nitelikler:<\/strong><\/p><ul data-spread=\"false\"><li><p>Foto\u011fraf ve video \u00e7ekimi konusunda deneyimli<\/p><\/li><li><p>DSLR \/ aynas\u0131z kamera kullanabilen<\/p><\/li><li><p>I\u015f\u0131k, kadraj ve kompozisyon bilgisine sahip<\/p><\/li><li><p>Temel video d\u00fczenleme bilgisi (Premiere Pro, CapCut vb.)<\/p><\/li><li><p>Yarat\u0131c\u0131 bak\u0131\u015f a\u00e7\u0131s\u0131na sahip<\/p><\/li><\/ul><p><strong>\u00c7al\u0131\u015fma \u015eekli:<\/strong> Proje Bazl\u0131 \/ Yar\u0131 Zamanl\u0131<\/p><p><strong>Ba\u015fvuru:<\/strong> CV ve portf\u00f6y\u00fcn\u00fcz\u00fc bizimle payla\u015f\u0131n.<\/p>\t\t\t\t\t\t\t\t<\/div>\n\t\t\t\t\t<\/div>\n\t\t<\/div>\n\t\t\t\t\t<\/div>\n\t\t<\/section>\n\t\t\t\t<section class=\"elementor-section elementor-inner-section elementor-element elementor-element-25fd5b06 ot-traditional elementor-section-boxed elementor-section-height-default elementor-section-height-default\" data-id=\"25fd5b06\" data-element_type=\"section\">\n\t\t\t\t\t\t<div class=\"elementor-container elementor-column-gap-extended\">\n\t\t\t\t\t<div class=\"elementor-column elementor-col-100 elementor-inner-column elementor-element elementor-element-d717116 elementor-hidden-desktop elementor-hidden-tablet elementor-hidden-phone ot-flex-column-vertical\" data-id=\"d717116\" data-element_type=\"column\">\n\t\t\t<div class=\"elementor-widget-wrap\">\n\t\t\t\t\t\t\t<\/div>\n\t\t<\/div>\n\t\t\t\t\t<\/div>\n\t\t<\/section>\n\t\t\t\t<div class=\"elementor-element elementor-element-279b2994 elementor-align-center elementor-widget elementor-widget-ibutton\" data-id=\"279b2994\" data-element_type=\"widget\" data-widget_type=\"ibutton.default\">\n\t\t\t\t<div class=\"elementor-widget-container\">\n\t\t\t\t\t\t\t<div class=\"ot-button\">\r\n\t\t\t<a href=\"http:\/\/wpdemo.archiwp.com\/engitech\/job-apply\/\" class=\"octf-btn octf-btn-primary\">Leave a CV<\/a>\r\n\t    <\/div>\r\n\t    \t\t\t\t<\/div>\n\t\t\t\t<\/div>\n\t\t\t\t\t<\/div>\n\t\t<\/div>\n\t\t\t\t\t<\/div>\n\t\t<\/section>\n\t\t\t\t<\/div>\n\t\t","protected":false},"excerpt":{"rendered":"<p>\/\/ A\u00c7IK POZ\u0130SYONLAR Vardar Yaz\u0131l\u0131m olarak b\u00fcy\u00fcyen ekibimize, kendini geli\u015ftirmek isteyen ve dijital d\u00fcnyaya ilgi duyan ekip arkada\u015flar\u0131 ar\u0131yoruz. \u00d6zge\u00e7mi\u015finizi bizimle payla\u015f\u0131n uygun bir pozisyon a\u00e7\u0131ld\u0131\u011f\u0131nda sizinle ileti\u015fime ge\u00e7elim. Foto\u011fraf\u00e7\u0131 \/ Video \u0130\u00e7erik \u00dcreticisi \u0130\u015f Tan\u0131m\u0131: Sosyal medya ve dijital projeler i\u00e7in foto\u011fraf ve k\u0131sa video \u00e7ekimleri \u00dcr\u00fcn, mekan ve etkinlik \u00e7ekimleri Reels ve k\u0131sa [&hellip;]<\/p>\n","protected":false},"author":1,"featured_media":0,"parent":0,"menu_order":0,"comment_status":"closed","ping_status":"closed","template":"","meta":{"footnotes":""},"class_list":["post-5027","page","type-page","status-publish","hentry"],"_links":{"self":[{"href":"https:\/\/vardaryazilim.com\/index.php\/wp-json\/wp\/v2\/pages\/5027","targetHints":{"allow":["GET"]}}],"collection":[{"href":"https:\/\/vardaryazilim.com\/index.php\/wp-json\/wp\/v2\/pages"}],"about":[{"href":"https:\/\/vardaryazilim.com\/index.php\/wp-json\/wp\/v2\/types\/page"}],"author":[{"embeddable":true,"href":"https:\/\/vardaryazilim.com\/index.php\/wp-json\/wp\/v2\/users\/1"}],"replies":[{"embeddable":true,"href":"https:\/\/vardaryazilim.com\/index.php\/wp-json\/wp\/v2\/comments?post=5027"}],"version-history":[{"count":7,"href":"https:\/\/vardaryazilim.com\/index.php\/wp-json\/wp\/v2\/pages\/5027\/revisions"}],"predecessor-version":[{"id":5421,"href":"https:\/\/vardaryazilim.com\/index.php\/wp-json\/wp\/v2\/pages\/5027\/revisions\/5421"}],"wp:attachment":[{"href":"https:\/\/vardaryazilim.com\/index.php\/wp-json\/wp\/v2\/media?parent=5027"}],"curies":[{"name":"wp","href":"https:\/\/api.w.org\/{rel}","templated":true}]}}