{"id":2407,"date":"2020-03-06T07:58:00","date_gmt":"2020-03-06T07:58:00","guid":{"rendered":"http:\/\/wpdemo.archiwp.com\/engitech\/?page_id=2407"},"modified":"2026-01-08T23:50:23","modified_gmt":"2026-01-08T20:50:23","slug":"pazaryeri-entegrasyonu","status":"publish","type":"page","link":"https:\/\/vardaryazilim.com\/index.php\/pazaryeri-entegrasyonu\/","title":{"rendered":"Pazaryeri Entegrasyonu"},"content":{"rendered":"\t\t<div data-elementor-type=\"wp-page\" data-elementor-id=\"2407\" class=\"elementor elementor-2407\">\n\t\t\t\t\t\t<section class=\"elementor-section elementor-top-section elementor-element elementor-element-ca00d56 ot-traditional elementor-section-boxed elementor-section-height-default elementor-section-height-default\" data-id=\"ca00d56\" data-element_type=\"section\">\n\t\t\t\t\t\t<div class=\"elementor-container elementor-column-gap-default\">\n\t\t\t\t\t<div class=\"elementor-column elementor-col-100 elementor-top-column elementor-element elementor-element-ffdf0ac ot-flex-column-vertical\" data-id=\"ffdf0ac\" data-element_type=\"column\">\n\t\t\t<div class=\"elementor-widget-wrap elementor-element-populated\">\n\t\t\t\t\t\t<section class=\"elementor-section elementor-inner-section elementor-element elementor-element-75221f9 elementor-section-full_width elementor-section-content-bottom ot-traditional elementor-section-height-default elementor-section-height-default\" data-id=\"75221f9\" data-element_type=\"section\">\n\t\t\t\t\t\t<div class=\"elementor-container elementor-column-gap-default\">\n\t\t\t\t\t<div class=\"elementor-column elementor-col-100 elementor-inner-column elementor-element elementor-element-c1b831a ot-flex-column-vertical\" data-id=\"c1b831a\" data-element_type=\"column\">\n\t\t\t<div class=\"elementor-widget-wrap elementor-element-populated\">\n\t\t\t\t\t\t<div class=\"elementor-element elementor-element-1b26fd1 elementor-widget elementor-widget-iheading\" data-id=\"1b26fd1\" data-element_type=\"widget\" data-widget_type=\"iheading.default\">\n\t\t\t\t<div class=\"elementor-widget-container\">\n\t\t\t\t\t\t\t<div class=\"ot-heading\">\r\n\t        <h2 class=\"main-heading\">Hangi Pazaryerleri ile \u00c7al\u0131\u015f\u0131yoruz?<\/h2>\t    <\/div>\r\n\t    \t\t\t\t<\/div>\n\t\t\t\t<\/div>\n\t\t\t\t\t<\/div>\n\t\t<\/div>\n\t\t\t\t\t<\/div>\n\t\t<\/section>\n\t\t\t\t<section class=\"elementor-section elementor-inner-section elementor-element elementor-element-64da2ad elementor-section-full_width ot-traditional elementor-section-height-default elementor-section-height-default\" data-id=\"64da2ad\" data-element_type=\"section\">\n\t\t\t\t\t\t<div class=\"elementor-container elementor-column-gap-extended\">\n\t\t\t\t\t<div class=\"elementor-column elementor-col-33 elementor-inner-column elementor-element elementor-element-73d21de ot-flex-column-vertical\" data-id=\"73d21de\" data-element_type=\"column\">\n\t\t\t<div class=\"elementor-widget-wrap elementor-element-populated\">\n\t\t\t\t\t\t<div class=\"elementor-element elementor-element-2e0b847 elementor-widget elementor-widget-iiconbox2\" data-id=\"2e0b847\" data-element_type=\"widget\" data-widget_type=\"iiconbox2.default\">\n\t\t\t\t<div class=\"elementor-widget-container\">\n\t\t\t\t\t\t\t<div class=\"icon-box-s2 s2\">\r\n\t\t\t<div class=\"icon-main\">\r\n\t\t        \t\t\t    <img decoding=\"async\" src=\"https:\/\/vardaryazilim.com\/wp-content\/uploads\/2026\/01\/images.png\" alt=\"Vardar Hepsiburada Entegrasyonu\">\t\t        \t\t        \t        <\/div>\r\n\t        <div class=\"content-box\">\r\n\t            <h5>Vardar Hepsiburada Entegrasyonu<\/h5>\r\n\t            <p>Hepsiburada ma\u011fazan\u0131z\u0131 tek panelden kolayca y\u00f6netin.<\/p>\r\n\t        <\/div>\r\n\t    <\/div>\r\n\t    \t\t\t\t<\/div>\n\t\t\t\t<\/div>\n\t\t\t\t<div class=\"elementor-element elementor-element-21df24f elementor-widget elementor-widget-iiconbox2\" data-id=\"21df24f\" data-element_type=\"widget\" data-widget_type=\"iiconbox2.default\">\n\t\t\t\t<div class=\"elementor-widget-container\">\n\t\t\t\t\t\t\t<div class=\"icon-box-s2 s2\">\r\n\t\t\t<div class=\"icon-main\">\r\n\t\t        \t\t\t    <img decoding=\"async\" src=\"https:\/\/vardaryazilim.com\/wp-content\/uploads\/2026\/01\/amazon-logo-amazon-icon-free-free-vector.jpg\" alt=\"Vardar Amazon Entegrasyonu\">\t\t        \t\t        \t        <\/div>\r\n\t        <div class=\"content-box\">\r\n\t            <h5>Vardar Amazon Entegrasyonu<\/h5>\r\n\t            <p>Amazon sat\u0131\u015flar\u0131n\u0131z\u0131 merkezi bir sistem \u00fczerinden kolayca y\u00f6netin.<\/p>\r\n\t        <\/div>\r\n\t    <\/div>\r\n\t    \t\t\t\t<\/div>\n\t\t\t\t<\/div>\n\t\t\t\t\t<\/div>\n\t\t<\/div>\n\t\t\t\t<div class=\"elementor-column elementor-col-33 elementor-inner-column elementor-element elementor-element-58b6f2a ot-flex-column-vertical\" data-id=\"58b6f2a\" data-element_type=\"column\">\n\t\t\t<div class=\"elementor-widget-wrap elementor-element-populated\">\n\t\t\t\t\t\t<div class=\"elementor-element elementor-element-8e5b4fe elementor-widget elementor-widget-iiconbox2\" data-id=\"8e5b4fe\" data-element_type=\"widget\" data-widget_type=\"iiconbox2.default\">\n\t\t\t\t<div class=\"elementor-widget-container\">\n\t\t\t\t\t\t\t<div class=\"icon-box-s2 s2\">\r\n\t\t\t<div class=\"icon-main\">\r\n\t\t        \t\t\t    <img decoding=\"async\" src=\"https:\/\/vardaryazilim.com\/wp-content\/uploads\/2026\/01\/N11_logo.svg.png\" alt=\"Vardar n11 Entegrasyonu\">\t\t        \t\t        \t        <\/div>\r\n\t        <div class=\"content-box\">\r\n\t            <h5>Vardar n11 Entegrasyonu<\/h5>\r\n\t            <p>\u00dcr\u00fcn ve sipari\u015f s\u00fcre\u00e7lerinizi N11 ile tam uyumlu hale getirin.<\/p>\r\n\t        <\/div>\r\n\t    <\/div>\r\n\t    \t\t\t\t<\/div>\n\t\t\t\t<\/div>\n\t\t\t\t<div class=\"elementor-element elementor-element-f72dca4 elementor-widget elementor-widget-iiconbox2\" data-id=\"f72dca4\" data-element_type=\"widget\" data-widget_type=\"iiconbox2.default\">\n\t\t\t\t<div class=\"elementor-widget-container\">\n\t\t\t\t\t\t\t<div class=\"icon-box-s2 s2\">\r\n\t\t\t<div class=\"icon-main\">\r\n\t\t        \t\t\t    <img decoding=\"async\" src=\"https:\/\/vardaryazilim.com\/wp-content\/uploads\/2026\/01\/unnamed.png\" alt=\"Vardar Trendyol Entegrasyonu\">\t\t        \t\t        \t        <\/div>\r\n\t        <div class=\"content-box\">\r\n\t            <h5>Vardar Trendyol Entegrasyonu<\/h5>\r\n\t            <p>\u00dcr\u00fcn, stok ve sipari\u015flerinizi Trendyol ile otomatik olarak senkronize edin.<\/p>\r\n\t        <\/div>\r\n\t    <\/div>\r\n\t    \t\t\t\t<\/div>\n\t\t\t\t<\/div>\n\t\t\t\t\t<\/div>\n\t\t<\/div>\n\t\t\t\t<div class=\"elementor-column elementor-col-33 elementor-inner-column elementor-element elementor-element-80b173f elementor-hidden-tablet ot-flex-column-vertical\" data-id=\"80b173f\" data-element_type=\"column\">\n\t\t\t<div class=\"elementor-widget-wrap elementor-element-populated\">\n\t\t\t\t\t\t<div class=\"elementor-element elementor-element-ec9e6d3 elementor-widget elementor-widget-iiconbox2\" data-id=\"ec9e6d3\" data-element_type=\"widget\" data-widget_type=\"iiconbox2.default\">\n\t\t\t\t<div class=\"elementor-widget-container\">\n\t\t\t\t\t\t\t<div class=\"icon-box-s2 s2\">\r\n\t\t\t<div class=\"icon-main\">\r\n\t\t        \t\t\t    <img decoding=\"async\" src=\"https:\/\/vardaryazilim.com\/wp-content\/uploads\/2026\/01\/cicek-sepeti3297.jpg\" alt=\"Vardar \u00c7i\u00e7eksepeti Entegrasyonu\">\t\t        \t\t        \t        <\/div>\r\n\t        <div class=\"content-box\">\r\n\t            <h5>Vardar \u00c7i\u00e7eksepeti Entegrasyonu<\/h5>\r\n\t            <p>\u00c7i\u00e7ekSepeti ma\u011fazan\u0131zdaki \u00fcr\u00fcn, stok ve sipari\u015fleri otomatik olarak y\u00f6netin.<\/p>\r\n\t        <\/div>\r\n\t    <\/div>\r\n\t    \t\t\t\t<\/div>\n\t\t\t\t<\/div>\n\t\t\t\t<div class=\"elementor-element elementor-element-b0dc8d0 elementor-widget elementor-widget-iiconbox2\" data-id=\"b0dc8d0\" data-element_type=\"widget\" data-widget_type=\"iiconbox2.default\">\n\t\t\t\t<div class=\"elementor-widget-container\">\n\t\t\t\t\t\t\t<div class=\"icon-box-s2 s2\">\r\n\t\t\t<div class=\"icon-main\">\r\n\t\t        \t\t\t    <img decoding=\"async\" src=\"https:\/\/vardaryazilim.com\/wp-content\/uploads\/2026\/01\/istockphoto-1061145196-612x612-1.jpg\" alt=\"Vardar \u00d6zel Entegrasyonlar\">\t\t        \t\t        \t        <\/div>\r\n\t        <div class=\"content-box\">\r\n\t            <h5>Vardar \u00d6zel Entegrasyonlar<\/h5>\r\n\t            <p>Di\u011fer pazaryerleri i\u00e7in \u00f6zel API ve XML entegrasyon \u00e7\u00f6z\u00fcmleri.<\/p>\r\n\t        <\/div>\r\n\t    <\/div>\r\n\t    \t\t\t\t<\/div>\n\t\t\t\t<\/div>\n\t\t\t\t\t<\/div>\n\t\t<\/div>\n\t\t\t\t\t<\/div>\n\t\t<\/section>\n\t\t\t\t\t<\/div>\n\t\t<\/div>\n\t\t\t\t\t<\/div>\n\t\t<\/section>\n\t\t\t\t<section class=\"elementor-section elementor-top-section elementor-element elementor-element-a5c6849 ot-traditional elementor-section-boxed elementor-section-height-default elementor-section-height-default\" data-id=\"a5c6849\" data-element_type=\"section\" data-settings=\"{&quot;background_background&quot;:&quot;classic&quot;}\">\n\t\t\t\t\t\t<div class=\"elementor-container elementor-column-gap-default\">\n\t\t\t\t\t<div class=\"elementor-column elementor-col-100 elementor-top-column elementor-element elementor-element-be0593f ot-flex-column-vertical\" data-id=\"be0593f\" data-element_type=\"column\">\n\t\t\t<div class=\"elementor-widget-wrap elementor-element-populated\">\n\t\t\t\t\t\t<div class=\"elementor-element elementor-element-d8de838 elementor-widget elementor-widget-iheading\" data-id=\"d8de838\" data-element_type=\"widget\" data-widget_type=\"iheading.default\">\n\t\t\t\t<div class=\"elementor-widget-container\">\n\t\t\t\t\t\t\t<div class=\"ot-heading\">\r\n\t        <h2 class=\"main-heading\">Pazaryeri Entegrasyon Fiyatlar\u0131<\/h2>\t    <\/div>\r\n\t    \t\t\t\t<\/div>\n\t\t\t\t<\/div>\n\t\t\t\t<div class=\"elementor-element elementor-element-ddd3717 elementor-widget elementor-widget-text-editor\" data-id=\"ddd3717\" data-element_type=\"widget\" data-widget_type=\"text-editor.default\">\n\t\t\t\t\t\t\t\t\t<p>\u0130htiyac\u0131n\u0131za g\u00f6re esnek ve \u00f6l\u00e7eklenebilir paketler sunuyoruz. A\u015fa\u011f\u0131daki paketler ba\u015flang\u0131\u00e7 seviyesidir, \u00f6zel ihtiya\u00e7lar i\u00e7in teklif sunulmaktad\u0131r.Fiyatlar\u0131m\u0131z y\u0131ll\u0131kt\u0131r ve kdv hari\u00e7tir.T\u00fcm pazaryeri entegrasyonlar\u0131m\u0131z d\u00fczenli g\u00fcncellenir, g\u00fcvenli altyap\u0131 ile \u00e7al\u0131\u015f\u0131r ve uzman ekibimiz taraf\u0131ndan desteklenir. Sat\u0131\u015f s\u00fcre\u00e7leriniz kesintisiz devam eder.<\/p>\t\t\t\t\t\t\t\t<\/div>\n\t\t\t\t<section class=\"elementor-section elementor-inner-section elementor-element elementor-element-bd3f857 elementor-section-full_width ot-traditional elementor-section-height-default elementor-section-height-default\" data-id=\"bd3f857\" data-element_type=\"section\">\n\t\t\t\t\t\t<div class=\"elementor-container elementor-column-gap-extended\">\n\t\t\t\t\t<div class=\"elementor-column elementor-col-33 elementor-inner-column elementor-element elementor-element-47e5444 ot-flex-column-vertical\" data-id=\"47e5444\" data-element_type=\"column\">\n\t\t\t<div class=\"elementor-widget-wrap elementor-element-populated\">\n\t\t\t\t\t\t<div class=\"elementor-element elementor-element-5504315 elementor-widget elementor-widget-ipricingtable\" data-id=\"5504315\" data-element_type=\"widget\" data-widget_type=\"ipricingtable.default\">\n\t\t\t\t<div class=\"elementor-widget-container\">\n\t\t\t\t\t\r\n\t\t<div class=\"ot-pricing-table\">\r\n\t\t\t\t\t\t\t<div class=\"icon-main\">\r\n\t\t\t\t\t\t\t\t    \t\t\t        \t<span class=\"flaticon-tablet\"><\/span>\t\t\t\t<\/div>\r\n\t\t\t\t\t\t<div class=\"inner-table\">\r\n\t\t\t\t<h4 class=\"title-table\">Ba\u015flang\u0131\u00e7 Paket<\/h4>\r\n\t\t\t\t<h2><sup>\u20ba<\/sup> 10.000<\/h2>\r\n\t\t\t\t<span>Y\u0131ll\u0131k Lisans<\/span>\r\n\t\t\t\t<div class=\"details \"><ul>\n<li class=\"active\">1 pazaryeri entegrasyonu\n<\/li>\n<li class=\"active\">\u00dcr\u00fcn, stok & sipari\u015f e\u015fleme\n<\/li>\n<li class=\"active\">Temel panel kurulumu\n<\/li>\n<\/ul><\/div>\r\n\t\t\t\t<a href=\"#\" class=\"octf-btn\">\u00dccretsiz \u00d6n G\u00f6r\u00fc\u015fme<\/a>\r\n\t\t\t<\/div>\r\n\t\t<\/div>\r\n\r\n\t    \t\t\t\t<\/div>\n\t\t\t\t<\/div>\n\t\t\t\t\t<\/div>\n\t\t<\/div>\n\t\t\t\t<div class=\"elementor-column elementor-col-33 elementor-inner-column elementor-element elementor-element-31042a4 ot-flex-column-vertical\" data-id=\"31042a4\" data-element_type=\"column\">\n\t\t\t<div class=\"elementor-widget-wrap elementor-element-populated\">\n\t\t\t\t\t\t<div class=\"elementor-element elementor-element-5950727 elementor-widget elementor-widget-ipricingtable\" data-id=\"5950727\" data-element_type=\"widget\" data-widget_type=\"ipricingtable.default\">\n\t\t\t\t<div class=\"elementor-widget-container\">\n\t\t\t\t\t\r\n\t\t<div class=\"ot-pricing-table\">\r\n\t\t\t\t\t\t\t<div class=\"icon-main\">\r\n\t\t\t\t\t\t\t\t    \t\t\t        \t<span class=\"flaticon-report\"><\/span>\t\t\t\t<\/div>\r\n\t\t\t\t\t\t<div class=\"inner-table\">\r\n\t\t\t\t<h4 class=\"title-table\">Pro Paket<\/h4>\r\n\t\t\t\t<h2><sup>\u20ba<\/sup> 18.000<\/h2>\r\n\t\t\t\t<span>Y\u0131ll\u0131k Lisans<\/span>\r\n\t\t\t\t<div class=\"details \"><ul>\n<li class=\"active\">3 pazaryeri entegrasyonu<\/li>\n<li class=\"active\">Sipari\u015f entegrasyonu<\/li>\n<li class=\"active\">E-Fatura Entegrasyonu<\/li>\n<li class=\"active\">Ayl\u0131k Raporlama<\/li>\n\n<\/ul><\/div>\r\n\t\t\t\t<a href=\"#\" class=\"octf-btn\">\u00dccretsiz \u00d6n G\u00f6r\u00fc\u015fme<\/a>\r\n\t\t\t<\/div>\r\n\t\t<\/div>\r\n\r\n\t    \t\t\t\t<\/div>\n\t\t\t\t<\/div>\n\t\t\t\t\t<\/div>\n\t\t<\/div>\n\t\t\t\t<div class=\"elementor-column elementor-col-33 elementor-inner-column elementor-element elementor-element-c0f62f5 ot-flex-column-vertical\" data-id=\"c0f62f5\" data-element_type=\"column\">\n\t\t\t<div class=\"elementor-widget-wrap elementor-element-populated\">\n\t\t\t\t\t\t<div class=\"elementor-element elementor-element-8d963e2 elementor-widget elementor-widget-ipricingtable\" data-id=\"8d963e2\" data-element_type=\"widget\" data-widget_type=\"ipricingtable.default\">\n\t\t\t\t<div class=\"elementor-widget-container\">\n\t\t\t\t\t\r\n\t\t<div class=\"ot-pricing-table\">\r\n\t\t\t\t\t\t\t<div class=\"icon-main\">\r\n\t\t\t\t\t\t\t\t    \t\t\t        \t<span class=\"flaticon-ui\"><\/span>\t\t\t\t<\/div>\r\n\t\t\t\t\t\t<div class=\"inner-table\">\r\n\t\t\t\t<h4 class=\"title-table\">Kurumsal Paket<\/h4>\r\n\t\t\t\t<h2><sup>\u20ba<\/sup> 25.000<\/h2>\r\n\t\t\t\t<span>Y\u0131ll\u0131k Lisans<\/span>\r\n\t\t\t\t<div class=\"details \"><ul>\n<li class=\"active\">5 Pazaryeri Entegrasyonu<\/li>\n<li class=\"active\">Kargo Entegrasyonu<\/li>\n<li class=\"active\">E-Fatura Entegrasyonu<\/li>\n<li class=\"active\">Ayl\u0131k Raporlama<\/li>\n<li class=\"active\">\u00d6ncelikli Teknik Destek<\/li>\n<\/ul><\/div>\r\n\t\t\t\t<a href=\"#\" class=\"octf-btn\">\u00dccretsiz \u00d6n G\u00f6r\u00fc\u015fme<\/a>\r\n\t\t\t<\/div>\r\n\t\t<\/div>\r\n\r\n\t    \t\t\t\t<\/div>\n\t\t\t\t<\/div>\n\t\t\t\t\t<\/div>\n\t\t<\/div>\n\t\t\t\t\t<\/div>\n\t\t<\/section>\n\t\t\t\t\t<\/div>\n\t\t<\/div>\n\t\t\t\t\t<\/div>\n\t\t<\/section>\n\t\t<div class=\"elementor-element elementor-element-0fbb993 e-flex e-con-boxed e-con e-parent\" data-id=\"0fbb993\" data-element_type=\"container\">\n\t\t\t\t\t<div class=\"e-con-inner\">\n\t\t\t\t<div class=\"elementor-element elementor-element-00ad763 elementor-widget elementor-widget-iheading\" data-id=\"00ad763\" data-element_type=\"widget\" data-widget_type=\"iheading.default\">\n\t\t\t\t<div class=\"elementor-widget-container\">\n\t\t\t\t\t\t\t<div class=\"ot-heading\">\r\n\t        \t            <span>\/\/ Kurulum ne kadar s\u00fcrer?<\/span>\r\n\t        <p class=\"main-heading\">\u2192 Genellikle 1\u20132 hafta i\u00e7inde tamamlan\u0131r.<\/p>\t    <\/div>\r\n\t    \t\t\t\t<\/div>\n\t\t\t\t<\/div>\n\t\t\t\t<div class=\"elementor-element elementor-element-478ec5c elementor-widget elementor-widget-iheading\" data-id=\"478ec5c\" data-element_type=\"widget\" data-widget_type=\"iheading.default\">\n\t\t\t\t<div class=\"elementor-widget-container\">\n\t\t\t\t\t\t\t<div class=\"ot-heading\">\r\n\t        \t            <span>\/\/ Y\u0131ll\u0131k \u00fccret d\u0131\u015f\u0131nda ek maliyet var m\u0131?<\/span>\r\n\t        <p class=\"main-heading\">\u2192 Hay\u0131r, paket i\u00e7eri\u011fi d\u0131\u015f\u0131nda s\u00fcrpriz \u00fccret yoktur.<\/p>\t    <\/div>\r\n\t    \t\t\t\t<\/div>\n\t\t\t\t<\/div>\n\t\t\t\t<div class=\"elementor-element elementor-element-e08ab03 elementor-widget elementor-widget-iheading\" data-id=\"e08ab03\" data-element_type=\"widget\" data-widget_type=\"iheading.default\">\n\t\t\t\t<div class=\"elementor-widget-container\">\n\t\t\t\t\t\t\t<div class=\"ot-heading\">\r\n\t        \t            <span>\/\/ Paket y\u00fckseltilebilir mi?<\/span>\r\n\t        <p class=\"main-heading\">\u2192 Evet, diledi\u011finiz zaman \u00fcst pakete ge\u00e7ebilirsiniz.<\/p>\t    <\/div>\r\n\t    \t\t\t\t<\/div>\n\t\t\t\t<\/div>\n\t\t\t\t\t<\/div>\n\t\t\t\t<\/div>\n\t\t\t\t<\/div>\n\t\t","protected":false},"excerpt":{"rendered":"<p>Hangi Pazaryerleri ile \u00c7al\u0131\u015f\u0131yoruz? Vardar Hepsiburada Entegrasyonu Hepsiburada ma\u011fazan\u0131z\u0131 tek panelden kolayca y\u00f6netin. Vardar Amazon Entegrasyonu Amazon sat\u0131\u015flar\u0131n\u0131z\u0131 merkezi bir sistem \u00fczerinden kolayca y\u00f6netin. Vardar n11 Entegrasyonu \u00dcr\u00fcn ve sipari\u015f s\u00fcre\u00e7lerinizi N11 ile tam uyumlu hale getirin. Vardar Trendyol Entegrasyonu \u00dcr\u00fcn, stok ve sipari\u015flerinizi Trendyol ile otomatik olarak senkronize edin. Vardar \u00c7i\u00e7eksepeti Entegrasyonu \u00c7i\u00e7ekSepeti ma\u011fazan\u0131zdaki [&hellip;]<\/p>\n","protected":false},"author":1,"featured_media":0,"parent":0,"menu_order":0,"comment_status":"closed","ping_status":"closed","template":"","meta":{"footnotes":""},"class_list":["post-2407","page","type-page","status-publish","hentry"],"_links":{"self":[{"href":"https:\/\/vardaryazilim.com\/index.php\/wp-json\/wp\/v2\/pages\/2407","targetHints":{"allow":["GET"]}}],"collection":[{"href":"https:\/\/vardaryazilim.com\/index.php\/wp-json\/wp\/v2\/pages"}],"about":[{"href":"https:\/\/vardaryazilim.com\/index.php\/wp-json\/wp\/v2\/types\/page"}],"author":[{"embeddable":true,"href":"https:\/\/vardaryazilim.com\/index.php\/wp-json\/wp\/v2\/users\/1"}],"replies":[{"embeddable":true,"href":"https:\/\/vardaryazilim.com\/index.php\/wp-json\/wp\/v2\/comments?post=2407"}],"version-history":[{"count":70,"href":"https:\/\/vardaryazilim.com\/index.php\/wp-json\/wp\/v2\/pages\/2407\/revisions"}],"predecessor-version":[{"id":5426,"href":"https:\/\/vardaryazilim.com\/index.php\/wp-json\/wp\/v2\/pages\/2407\/revisions\/5426"}],"wp:attachment":[{"href":"https:\/\/vardaryazilim.com\/index.php\/wp-json\/wp\/v2\/media?parent=2407"}],"curies":[{"name":"wp","href":"https:\/\/api.w.org\/{rel}","templated":true}]}}