{"id":2076,"date":"2020-02-25T08:41:33","date_gmt":"2020-02-25T08:41:33","guid":{"rendered":"http:\/\/wpdemo.archiwp.com\/engitech\/?page_id=2076"},"modified":"2026-01-09T22:36:06","modified_gmt":"2026-01-09T19:36:06","slug":"sosyal-medya-yonetimi","status":"publish","type":"page","link":"https:\/\/vardaryazilim.com\/index.php\/pazaryeri-entegrasyonu\/sosyal-medya-yonetimi\/","title":{"rendered":"Sosyal Medya Y\u00f6netimi"},"content":{"rendered":"\t\t<div data-elementor-type=\"wp-page\" data-elementor-id=\"2076\" class=\"elementor elementor-2076\">\n\t\t\t\t\t\t<section class=\"elementor-section elementor-top-section elementor-element elementor-element-50f8be2 ot-traditional elementor-section-boxed elementor-section-height-default elementor-section-height-default\" data-id=\"50f8be2\" data-element_type=\"section\" data-settings=\"{&quot;background_background&quot;:&quot;classic&quot;}\">\n\t\t\t\t\t\t<div class=\"elementor-container elementor-column-gap-default\">\n\t\t\t\t\t<div class=\"elementor-column elementor-col-100 elementor-top-column elementor-element elementor-element-ad4f9d3 ot-flex-column-vertical\" data-id=\"ad4f9d3\" data-element_type=\"column\">\n\t\t\t<div class=\"elementor-widget-wrap elementor-element-populated\">\n\t\t\t\t\t\t<div class=\"elementor-element elementor-element-a79fe3a elementor-widget elementor-widget-iheading\" data-id=\"a79fe3a\" data-element_type=\"widget\" data-widget_type=\"iheading.default\">\n\t\t\t\t<div class=\"elementor-widget-container\">\n\t\t\t\t\t\t\t<div class=\"ot-heading\">\r\n\t        <h2 class=\"main-heading\">Sosyal Medya Y\u00f6netimi<\/h2>\t    <\/div>\r\n\t    \t\t\t\t<\/div>\n\t\t\t\t<\/div>\n\t\t\t\t<div class=\"elementor-element elementor-element-681b5d6 elementor-widget elementor-widget-iheading\" data-id=\"681b5d6\" data-element_type=\"widget\" data-widget_type=\"iheading.default\">\n\t\t\t\t<div class=\"elementor-widget-container\">\n\t\t\t\t\t\t\t<div class=\"ot-heading\">\r\n\t        <p class=\"main-heading\">Sosyal medya y\u00f6netimi sadece payla\u015f\u0131m yapmak de\u011fil; planlama, tasar\u0131m, analiz ve s\u00fcreklilik gerektiren profesyonel bir s\u00fcre\u00e7tir. Vardar Yaz\u0131l\u0131m olarak markan\u0131z\u0131n hedef kitlesine uygun i\u00e7erikler \u00fcretir, etkile\u015fimi art\u0131r\u0131r ve sosyal medyada g\u00fc\u00e7l\u00fc bir marka alg\u0131s\u0131 olu\u015ftururuz.\n\nHer marka i\u00e7in haz\u0131r kal\u0131plar yerine, ihtiyaca \u00f6zel strateji belirleriz. Bu sayede payla\u015f\u0131mlar\u0131n\u0131z rastgele de\u011fil, \u00f6l\u00e7\u00fclebilir ve sonu\u00e7 odakl\u0131 olur.<\/p>\t    <\/div>\r\n\t    \t\t\t\t<\/div>\n\t\t\t\t<\/div>\n\t\t\t\t\t<\/div>\n\t\t<\/div>\n\t\t\t\t\t<\/div>\n\t\t<\/section>\n\t\t<div class=\"elementor-element elementor-element-d285d5a e-grid e-con-boxed e-con e-parent\" data-id=\"d285d5a\" data-element_type=\"container\">\n\t\t\t\t\t<div class=\"e-con-inner\">\n\t\t\t\t<div class=\"elementor-element elementor-element-9422de8 elementor-widget elementor-widget-ipricingtable2\" data-id=\"9422de8\" data-element_type=\"widget\" data-widget_type=\"ipricingtable2.default\">\n\t\t\t\t<div class=\"elementor-widget-container\">\n\t\t\t\t\t\r\n\t\t<div class=\"ot-pricing-table-s2 s1\">\r\n\t\t\t\t\t\t<h4 class=\"title-table\">Ba\u015flang\u0131\u00e7 Paketi<\/h4>\t\t\t<div class=\"price\"><sup>\u20ba<\/sup>3.500<span>\/ Ayl\u0131k<\/span><\/div>\t\t\t\t\t\t<div class=\"details\"><ul><li>Ayl\u0131k 10 G\u00f6nderi Tasar\u0131m\u0131<\/li>\n<ul><li>Ayl\u0131k 10 Hikaye Tasar\u0131m\u0131<\/li>\n<ul><li>Ayl\u0131k 1 Reels Payla\u015f\u0131m\u0131<\/li>\n<li>Rakip Firma Analizi<\/li><li>Metin Yaz\u0131m\u0131 ve Hashtag Analizi<\/li>\n<li>Ayl\u0131k Analiz Raporu<\/li><\/ul><\/ul>\n<\/div>\t\t\t<a class=\"table-btn\">\u00dccretsiz \u00d6n g\u00f6r\u00fc\u015fme<\/a>\r\n\t\t\t\r\n\t\t<\/div>\r\n\r\n\t    \t\t\t\t<\/div>\n\t\t\t\t<\/div>\n\t\t\t\t<div class=\"elementor-element elementor-element-4ff0161 elementor-widget elementor-widget-ipricingtable2\" data-id=\"4ff0161\" data-element_type=\"widget\" data-widget_type=\"ipricingtable2.default\">\n\t\t\t\t<div class=\"elementor-widget-container\">\n\t\t\t\t\t\r\n\t\t<div class=\"ot-pricing-table-s2 s1\">\r\n\t\t\t\t\t\t<h4 class=\"title-table\">Etkile\u015fim Paketi<\/h4>\t\t\t<div class=\"price\"><sup>\u20ba<\/sup>4.500<span>\/ Ayl\u0131k<\/span><\/div>\t\t\t\t\t\t<div class=\"details\"><ul><li>Ayl\u0131k 20 G\u00f6nderi Tasar\u0131m\u0131<\/li>\n<ul><li>Ayl\u0131k 20 Hikaye Tasar\u0131m\u0131<\/li>\n<ul><li>Ayl\u0131k 2 Reels Payla\u015f\u0131m\u0131<\/li>\n<li>Rakip Firma Analizi<\/li><li>Metin Yaz\u0131m\u0131 ve Hashtag Analizi<\/li>\n<li>Reklam Planlamas\u0131 ve Y\u00f6netimi<\/li>\n<li>Ayl\u0131k Analiz Raporu<\/li><\/ul><\/ul><\/div>\t\t\t<a class=\"table-btn\">\u00dccretsiz \u00d6n g\u00f6r\u00fc\u015fme<\/a>\r\n\t\t\t\r\n\t\t<\/div>\r\n\r\n\t    \t\t\t\t<\/div>\n\t\t\t\t<\/div>\n\t\t\t\t<div class=\"elementor-element elementor-element-52a7b31 elementor-widget elementor-widget-ipricingtable2\" data-id=\"52a7b31\" data-element_type=\"widget\" data-widget_type=\"ipricingtable2.default\">\n\t\t\t\t<div class=\"elementor-widget-container\">\n\t\t\t\t\t\r\n\t\t<div class=\"ot-pricing-table-s2 s1\">\r\n\t\t\t\t\t\t<h4 class=\"title-table\">Etkile\u015fim Plus Paketi<\/h4>\t\t\t<div class=\"price\"><sup>\u20ba<\/sup>6.500<span>\/ Ayl\u0131k<\/span><\/div>\t\t\t\t\t\t<div class=\"details\"><ul><li>Ayl\u0131k 30 G\u00f6nderi Tasar\u0131m\u0131<\/li>\n<ul><li>Ayl\u0131k 30 Hikaye Tasar\u0131m\u0131<\/li>\n<ul><li>Ayl\u0131k 4 Reels Payla\u015f\u0131m\u0131<\/li>\n<li>Rakip Firma Analizi<\/li><li>Metin Yaz\u0131m\u0131 ve Hashtag Analizi<\/li>\n<li>Reklam Planlamas\u0131 ve Y\u00f6netimi<\/li>\n<li>Kurumsal Profil Y\u00f6netimi<\/li>\n<li>Ayl\u0131k Analiz Raporu<\/li><\/ul><\/ul><\/div>\t\t\t<a class=\"table-btn\">\u00dccretsiz \u00d6n g\u00f6r\u00fc\u015fme<\/a>\r\n\t\t\t\r\n\t\t<\/div>\r\n\r\n\t    \t\t\t\t<\/div>\n\t\t\t\t<\/div>\n\t\t\t\t\t<\/div>\n\t\t\t\t<\/div>\n\t\t<div class=\"elementor-element elementor-element-c2f4ba0 e-flex e-con-boxed e-con e-parent\" data-id=\"c2f4ba0\" data-element_type=\"container\">\n\t\t\t\t\t<div class=\"e-con-inner\">\n\t\t\t\t<div class=\"elementor-element elementor-element-89cf619 elementor-widget elementor-widget-iheading\" data-id=\"89cf619\" data-element_type=\"widget\" data-widget_type=\"iheading.default\">\n\t\t\t\t<div class=\"elementor-widget-container\">\n\t\t\t\t\t\t\t<div class=\"ot-heading\">\r\n\t        \t            <span>\/\/ Reklam b\u00fct\u00e7esi paketlere dahil mi?<\/span>\r\n\t        <p class=\"main-heading\">Hay\u0131r. Reklam b\u00fct\u00e7eleri paket fiyatlar\u0131na dahil de\u011fildir. Ancak reklam stratejisi ve dan\u0131\u015fmanl\u0131\u011f\u0131 paket kapsam\u0131nda sunulur.<\/p>\t    <\/div>\r\n\t    \t\t\t\t<\/div>\n\t\t\t\t<\/div>\n\t\t\t\t<div class=\"elementor-element elementor-element-913db77 elementor-widget elementor-widget-iheading\" data-id=\"913db77\" data-element_type=\"widget\" data-widget_type=\"iheading.default\">\n\t\t\t\t<div class=\"elementor-widget-container\">\n\t\t\t\t\t\t\t<div class=\"ot-heading\">\r\n\t        \t            <span>\/\/ Payla\u015f\u0131mlar payla\u015f\u0131lmadan \u00f6nce onay al\u0131yor musunuz?<\/span>\r\n\t        <p class=\"main-heading\">Evet. \u0130\u00e7erikler payla\u015f\u0131lmadan \u00f6nce onay\u0131n\u0131za sunulur ve onay sonras\u0131 yay\u0131nlan\u0131r.<\/p>\t    <\/div>\r\n\t    \t\t\t\t<\/div>\n\t\t\t\t<\/div>\n\t\t\t\t<div class=\"elementor-element elementor-element-b66544e elementor-widget elementor-widget-iheading\" data-id=\"b66544e\" data-element_type=\"widget\" data-widget_type=\"iheading.default\">\n\t\t\t\t<div class=\"elementor-widget-container\">\n\t\t\t\t\t\t\t<div class=\"ot-heading\">\r\n\t        \t            <span>\/\/ Yorum ve mesajlara cevap veriyor musunuz?<\/span>\r\n\t        <p class=\"main-heading\">Hay\u0131r. Se\u00e7ilen pakete g\u00f6re tasar\u0131m ,raporlama ve reklam y\u00f6netimini \u00fcstleniyoruz.<\/p>\t    <\/div>\r\n\t    \t\t\t\t<\/div>\n\t\t\t\t<\/div>\n\t\t\t\t<div class=\"elementor-element elementor-element-001f2a3 elementor-widget elementor-widget-iheading\" data-id=\"001f2a3\" data-element_type=\"widget\" data-widget_type=\"iheading.default\">\n\t\t\t\t<div class=\"elementor-widget-container\">\n\t\t\t\t\t\t\t<div class=\"ot-heading\">\r\n\t        \t            <span>\/\/ Raporlama yap\u0131yor musunuz?<\/span>\r\n\t        <p class=\"main-heading\">Evet. Ayl\u0131k olarak eri\u015fim, etkile\u015fim ve b\u00fcy\u00fcme verilerini i\u00e7eren performans raporu payla\u015f\u0131l\u0131r.<\/p>\t    <\/div>\r\n\t    \t\t\t\t<\/div>\n\t\t\t\t<\/div>\n\t\t\t\t<div class=\"elementor-element elementor-element-6060dc9 elementor-widget elementor-widget-iheading\" data-id=\"6060dc9\" data-element_type=\"widget\" data-widget_type=\"iheading.default\">\n\t\t\t\t<div class=\"elementor-widget-container\">\n\t\t\t\t\t\t\t<div class=\"ot-heading\">\r\n\t        \t            <span>\/\/ T\u00fcm sosyal medya platformlar\u0131n\u0131 y\u00f6netiyor musunuz?<\/span>\r\n\t        <p class=\"main-heading\">A\u011f\u0131rl\u0131kl\u0131 olarak Instagram ve Facebook y\u00f6netimi yap\u0131yoruz. Talebe g\u00f6re di\u011fer platformlar da eklenebilir.<\/p>\t    <\/div>\r\n\t    \t\t\t\t<\/div>\n\t\t\t\t<\/div>\n\t\t\t\t<div class=\"elementor-element elementor-element-bfa42e9 elementor-widget elementor-widget-iheading\" data-id=\"bfa42e9\" data-element_type=\"widget\" data-widget_type=\"iheading.default\">\n\t\t\t\t<div class=\"elementor-widget-container\">\n\t\t\t\t\t\t\t<div class=\"ot-heading\">\r\n\t        \t            <span>\/\/ Paket y\u00fckseltme veya de\u011fi\u015ftirme m\u00fcmk\u00fcn m\u00fc?<\/span>\r\n\t        <p class=\"main-heading\">Evet. Diledi\u011finiz zaman bir \u00fcst pakete ge\u00e7i\u015f yapabilirsiniz.<\/p>\t    <\/div>\r\n\t    \t\t\t\t<\/div>\n\t\t\t\t<\/div>\n\t\t\t\t<div class=\"elementor-element elementor-element-4af85fa elementor-widget elementor-widget-iheading\" data-id=\"4af85fa\" data-element_type=\"widget\" data-widget_type=\"iheading.default\">\n\t\t\t\t<div class=\"elementor-widget-container\">\n\t\t\t\t\t\t\t<div class=\"ot-heading\">\r\n\t        \t            <span>\/\/ \u0130\u00e7erikler markam\u0131za \u00f6zel mi haz\u0131rlan\u0131yor?<\/span>\r\n\t        <p class=\"main-heading\">Evet. T\u00fcm g\u00f6rsel, video ve metinler marka kimli\u011finize ve hedef kitlenize \u00f6zel olarak haz\u0131rlan\u0131r.<\/p>\t    <\/div>\r\n\t    \t\t\t\t<\/div>\n\t\t\t\t<\/div>\n\t\t\t\t\t<\/div>\n\t\t\t\t<\/div>\n\t\t\t\t<\/div>\n\t\t","protected":false},"excerpt":{"rendered":"<p>Sosyal Medya Y\u00f6netimi Sosyal medya y\u00f6netimi sadece payla\u015f\u0131m yapmak de\u011fil; planlama, tasar\u0131m, analiz ve s\u00fcreklilik gerektiren profesyonel bir s\u00fcre\u00e7tir. Vardar Yaz\u0131l\u0131m olarak markan\u0131z\u0131n hedef kitlesine uygun i\u00e7erikler \u00fcretir, etkile\u015fimi art\u0131r\u0131r ve sosyal medyada g\u00fc\u00e7l\u00fc bir marka alg\u0131s\u0131 olu\u015ftururuz. Her marka i\u00e7in haz\u0131r kal\u0131plar yerine, ihtiyaca \u00f6zel strateji belirleriz. Bu sayede payla\u015f\u0131mlar\u0131n\u0131z rastgele de\u011fil, \u00f6l\u00e7\u00fclebilir ve [&hellip;]<\/p>\n","protected":false},"author":1,"featured_media":0,"parent":2407,"menu_order":0,"comment_status":"closed","ping_status":"closed","template":"","meta":{"footnotes":""},"class_list":["post-2076","page","type-page","status-publish","hentry"],"_links":{"self":[{"href":"https:\/\/vardaryazilim.com\/index.php\/wp-json\/wp\/v2\/pages\/2076","targetHints":{"allow":["GET"]}}],"collection":[{"href":"https:\/\/vardaryazilim.com\/index.php\/wp-json\/wp\/v2\/pages"}],"about":[{"href":"https:\/\/vardaryazilim.com\/index.php\/wp-json\/wp\/v2\/types\/page"}],"author":[{"embeddable":true,"href":"https:\/\/vardaryazilim.com\/index.php\/wp-json\/wp\/v2\/users\/1"}],"replies":[{"embeddable":true,"href":"https:\/\/vardaryazilim.com\/index.php\/wp-json\/wp\/v2\/comments?post=2076"}],"version-history":[{"count":29,"href":"https:\/\/vardaryazilim.com\/index.php\/wp-json\/wp\/v2\/pages\/2076\/revisions"}],"predecessor-version":[{"id":5432,"href":"https:\/\/vardaryazilim.com\/index.php\/wp-json\/wp\/v2\/pages\/2076\/revisions\/5432"}],"up":[{"embeddable":true,"href":"https:\/\/vardaryazilim.com\/index.php\/wp-json\/wp\/v2\/pages\/2407"}],"wp:attachment":[{"href":"https:\/\/vardaryazilim.com\/index.php\/wp-json\/wp\/v2\/media?parent=2076"}],"curies":[{"name":"wp","href":"https:\/\/api.w.org\/{rel}","templated":true}]}}