{"id":1583,"date":"2020-01-09T04:33:29","date_gmt":"2020-01-09T04:33:29","guid":{"rendered":"http:\/\/wpdemo.archiwp.com\/engitech\/?page_id=1583"},"modified":"2026-01-08T23:51:05","modified_gmt":"2026-01-08T20:51:05","slug":"web-tasarim","status":"publish","type":"page","link":"https:\/\/vardaryazilim.com\/index.php\/pazaryeri-entegrasyonu\/web-tasarim\/","title":{"rendered":"Web Tasar\u0131m"},"content":{"rendered":"\t\t<div data-elementor-type=\"wp-page\" data-elementor-id=\"1583\" class=\"elementor elementor-1583\">\n\t\t\t\t\t\t<section class=\"elementor-section elementor-top-section elementor-element elementor-element-f983331 elementor-section-content-middle ot-traditional elementor-section-boxed elementor-section-height-default elementor-section-height-default\" data-id=\"f983331\" data-element_type=\"section\">\n\t\t\t\t\t\t<div class=\"elementor-container elementor-column-gap-extended\">\n\t\t\t\t\t<div class=\"elementor-column elementor-col-100 elementor-top-column elementor-element elementor-element-8d40657 ot-flex-column-vertical\" data-id=\"8d40657\" data-element_type=\"column\">\n\t\t\t<div class=\"elementor-widget-wrap elementor-element-populated\">\n\t\t\t\t\t\t<div class=\"elementor-element elementor-element-b059e25 elementor-widget elementor-widget-iheading\" data-id=\"b059e25\" data-element_type=\"widget\" data-widget_type=\"iheading.default\">\n\t\t\t\t<div class=\"elementor-widget-container\">\n\t\t\t\t\t\t\t<div class=\"ot-heading\">\r\n\t        \t            <span>\/\/ Web Tasar\u0131m Hizmetleri<\/span>\r\n\t        <h2 class=\"main-heading\">Markan\u0131za \u00d6zel, H\u0131zl\u0131 ve SEO Uyumlu Web Siteleri<\/h2>\t    <\/div>\r\n\t    \t\t\t\t<\/div>\n\t\t\t\t<\/div>\n\t\t\t\t<section class=\"elementor-section elementor-inner-section elementor-element elementor-element-5f1f08f elementor-section-full_width ot-traditional elementor-section-height-default elementor-section-height-default\" data-id=\"5f1f08f\" data-element_type=\"section\">\n\t\t\t\t\t\t<div class=\"elementor-container elementor-column-gap-extended\">\n\t\t\t\t\t<div class=\"elementor-column elementor-col-50 elementor-inner-column elementor-element elementor-element-4abda34 ot-flex-column-vertical\" data-id=\"4abda34\" data-element_type=\"column\">\n\t\t\t<div class=\"elementor-widget-wrap elementor-element-populated\">\n\t\t\t\t\t\t<div class=\"elementor-element elementor-element-32b356f elementor-widget elementor-widget-heading\" data-id=\"32b356f\" data-element_type=\"widget\" data-widget_type=\"heading.default\">\n\t\t\t\t\t<span class=\"elementor-heading-title elementor-size-default\">01.<\/span>\t\t\t\t<\/div>\n\t\t\t\t<div class=\"elementor-element elementor-element-b11afd0 elementor-widget elementor-widget-heading\" data-id=\"b11afd0\" data-element_type=\"widget\" data-widget_type=\"heading.default\">\n\t\t\t\t\t<h6 class=\"elementor-heading-title elementor-size-default\">Kurumsal Web Sitesi<\/h6>\t\t\t\t<\/div>\n\t\t\t\t<div class=\"elementor-element elementor-element-88e9941 elementor-widget elementor-widget-text-editor\" data-id=\"88e9941\" data-element_type=\"widget\" data-widget_type=\"text-editor.default\">\n\t\t\t\t\t\t\t\t\t<p data-start=\"715\" data-end=\"791\">Firman\u0131z\u0131 profesyonel \u015fekilde temsil eden, g\u00fcven veren ve modern tasar\u0131mlar.<\/p>\t\t\t\t\t\t\t\t<\/div>\n\t\t\t\t\t<\/div>\n\t\t<\/div>\n\t\t\t\t<div class=\"elementor-column elementor-col-50 elementor-inner-column elementor-element elementor-element-748cc6c ot-flex-column-vertical\" data-id=\"748cc6c\" data-element_type=\"column\">\n\t\t\t<div class=\"elementor-widget-wrap elementor-element-populated\">\n\t\t\t\t\t\t<div class=\"elementor-element elementor-element-37dda7b elementor-widget elementor-widget-heading\" data-id=\"37dda7b\" data-element_type=\"widget\" data-widget_type=\"heading.default\">\n\t\t\t\t\t<span class=\"elementor-heading-title elementor-size-default\">02.<\/span>\t\t\t\t<\/div>\n\t\t\t\t<div class=\"elementor-element elementor-element-e173cf4 elementor-widget elementor-widget-heading\" data-id=\"e173cf4\" data-element_type=\"widget\" data-widget_type=\"heading.default\">\n\t\t\t\t\t<h6 class=\"elementor-heading-title elementor-size-default\">E-Ticaret Web Sitesi<\/h6>\t\t\t\t<\/div>\n\t\t\t\t<div class=\"elementor-element elementor-element-a7b1ece elementor-widget elementor-widget-text-editor\" data-id=\"a7b1ece\" data-element_type=\"widget\" data-widget_type=\"text-editor.default\">\n\t\t\t\t\t\t\t\t\t<p data-start=\"818\" data-end=\"879\">\u00dcr\u00fcnlerinizi kolayca y\u00f6netin, online sat\u0131\u015fa h\u0131zl\u0131ca ba\u015flay\u0131n.<\/p>\t\t\t\t\t\t\t\t<\/div>\n\t\t\t\t\t<\/div>\n\t\t<\/div>\n\t\t\t\t\t<\/div>\n\t\t<\/section>\n\t\t\t\t<section class=\"elementor-section elementor-inner-section elementor-element elementor-element-c0b5187 elementor-section-full_width ot-traditional elementor-section-height-default elementor-section-height-default\" data-id=\"c0b5187\" data-element_type=\"section\">\n\t\t\t\t\t\t<div class=\"elementor-container elementor-column-gap-extended\">\n\t\t\t\t\t<div class=\"elementor-column elementor-col-50 elementor-inner-column elementor-element elementor-element-cadbcca ot-flex-column-vertical\" data-id=\"cadbcca\" data-element_type=\"column\">\n\t\t\t<div class=\"elementor-widget-wrap elementor-element-populated\">\n\t\t\t\t\t\t<div class=\"elementor-element elementor-element-3d548c6 elementor-widget elementor-widget-heading\" data-id=\"3d548c6\" data-element_type=\"widget\" data-widget_type=\"heading.default\">\n\t\t\t\t\t<span class=\"elementor-heading-title elementor-size-default\">03.<\/span>\t\t\t\t<\/div>\n\t\t\t\t<div class=\"elementor-element elementor-element-6229492 elementor-widget elementor-widget-heading\" data-id=\"6229492\" data-element_type=\"widget\" data-widget_type=\"heading.default\">\n\t\t\t\t\t<h6 class=\"elementor-heading-title elementor-size-default\">\u00d6zel Yaz\u0131l\u0131m Web Siteleri<\/h6>\t\t\t\t<\/div>\n\t\t\t\t<div class=\"elementor-element elementor-element-1a4f548 elementor-widget elementor-widget-text-editor\" data-id=\"1a4f548\" data-element_type=\"widget\" data-widget_type=\"text-editor.default\">\n\t\t\t\t\t\t\t\t\t<p data-start=\"911\" data-end=\"961\">\u0130htiyaca \u00f6zel, tamamen size ait yaz\u0131l\u0131m altyap\u0131s\u0131.<\/p>\t\t\t\t\t\t\t\t<\/div>\n\t\t\t\t\t<\/div>\n\t\t<\/div>\n\t\t\t\t<div class=\"elementor-column elementor-col-50 elementor-inner-column elementor-element elementor-element-4d21e26 ot-flex-column-vertical\" data-id=\"4d21e26\" data-element_type=\"column\">\n\t\t\t<div class=\"elementor-widget-wrap elementor-element-populated\">\n\t\t\t\t\t\t<div class=\"elementor-element elementor-element-85b7cda elementor-widget elementor-widget-heading\" data-id=\"85b7cda\" data-element_type=\"widget\" data-widget_type=\"heading.default\">\n\t\t\t\t\t<span class=\"elementor-heading-title elementor-size-default\">04.<\/span>\t\t\t\t<\/div>\n\t\t\t\t<div class=\"elementor-element elementor-element-e16ac85 elementor-widget elementor-widget-heading\" data-id=\"e16ac85\" data-element_type=\"widget\" data-widget_type=\"heading.default\">\n\t\t\t\t\t<h6 class=\"elementor-heading-title elementor-size-default\">Landing Page (Tan\u0131t\u0131m Sayfas\u0131)<\/h6>\t\t\t\t<\/div>\n\t\t\t\t<div class=\"elementor-element elementor-element-ab16159 elementor-widget elementor-widget-text-editor\" data-id=\"ab16159\" data-element_type=\"widget\" data-widget_type=\"text-editor.default\">\n\t\t\t\t\t\t\t\t\t<p data-start=\"998\" data-end=\"1070\">Reklam ve kampanyalar i\u00e7in y\u00fcksek d\u00f6n\u00fc\u015f\u00fcm sa\u011flayan tek sayfal\u0131k siteler.<\/p>\t\t\t\t\t\t\t\t<\/div>\n\t\t\t\t\t<\/div>\n\t\t<\/div>\n\t\t\t\t\t<\/div>\n\t\t<\/section>\n\t\t\t\t\t<\/div>\n\t\t<\/div>\n\t\t\t\t\t<\/div>\n\t\t<\/section>\n\t\t\t\t<section class=\"elementor-section elementor-top-section elementor-element elementor-element-b6a0481 ot-traditional elementor-section-boxed elementor-section-height-default elementor-section-height-default\" data-id=\"b6a0481\" data-element_type=\"section\">\n\t\t\t\t\t\t<div class=\"elementor-container elementor-column-gap-default\">\n\t\t\t\t\t<div class=\"elementor-column elementor-col-100 elementor-top-column elementor-element elementor-element-3000ef9 ot-flex-column-vertical\" data-id=\"3000ef9\" data-element_type=\"column\">\n\t\t\t<div class=\"elementor-widget-wrap elementor-element-populated\">\n\t\t\t\t\t\t<div class=\"elementor-element elementor-element-13bfc52 elementor-widget elementor-widget-iheading\" data-id=\"13bfc52\" data-element_type=\"widget\" data-widget_type=\"iheading.default\">\n\t\t\t\t<div class=\"elementor-widget-container\">\n\t\t\t\t\t\t\t<div class=\"ot-heading\">\r\n\t        <h2 class=\"main-heading\">Web Tasar\u0131m Fiyat Paketleri<\/h2>\t    <\/div>\r\n\t    \t\t\t\t<\/div>\n\t\t\t\t<\/div>\n\t\t\t\t<div class=\"elementor-element elementor-element-51c7b0e elementor-widget elementor-widget-text-editor\" data-id=\"51c7b0e\" data-element_type=\"widget\" data-widget_type=\"text-editor.default\">\n\t\t\t\t\t\t\t\t\t<p>\u0130htiyac\u0131n\u0131za ve b\u00fct\u00e7enize uygun, \u015feffaf ve \u00f6l\u00e7eklenebilir web tasar\u0131m paketleri sunuyoruz.<\/p>\t\t\t\t\t\t\t\t<\/div>\n\t\t\t\t<section class=\"elementor-section elementor-inner-section elementor-element elementor-element-d7c1312 elementor-section-full_width ot-traditional elementor-section-height-default elementor-section-height-default\" data-id=\"d7c1312\" data-element_type=\"section\">\n\t\t\t\t\t\t<div class=\"elementor-container elementor-column-gap-extended\">\n\t\t\t\t\t<div class=\"elementor-column elementor-col-33 elementor-inner-column elementor-element elementor-element-eb7874d ot-flex-column-vertical\" data-id=\"eb7874d\" data-element_type=\"column\">\n\t\t\t<div class=\"elementor-widget-wrap elementor-element-populated\">\n\t\t\t\t\t\t<div class=\"elementor-element elementor-element-e9cdfc8 elementor-widget elementor-widget-ipricingtable\" data-id=\"e9cdfc8\" data-element_type=\"widget\" data-widget_type=\"ipricingtable.default\">\n\t\t\t\t<div class=\"elementor-widget-container\">\n\t\t\t\t\t\r\n\t\t<div class=\"ot-pricing-table\">\r\n\t\t\t\t\t\t\t<div class=\"icon-main\">\r\n\t\t\t\t\t\t\t\t    \t\t\t        \t<span class=\"flaticon-tablet\"><\/span>\t\t\t\t<\/div>\r\n\t\t\t\t\t\t<div class=\"inner-table\">\r\n\t\t\t\t<h4 class=\"title-table\">Ba\u015flang\u0131\u00e7 Paketi<\/h4>\r\n\t\t\t\t<h2><sup>\u20ba<\/sup> 10.000<\/h2>\r\n\t\t\t\t<span>Monthly Package<\/span>\r\n\t\t\t\t<div class=\"details \"><ul>\n<li class=\"active\">5 Sayfaya Kadar Web Sitesi<\/li>\n<li class=\"active\">1 Adet Kurumsal Mail Adresi<\/li>\n<li class=\"active\">\u00dccretsiz Domain (Alan Ad\u0131)<\/li>\n<li class=\"active\">\u00dccretsiz Ultra H\u0131zl\u0131 Hosting<\/li>\n<li class=\"active\">Temel SEO ayarlar\u0131<\/li>\n<li class=\"active\">\u0130leti\u015fim formu<\/li>\n<li class=\"active\">Geli\u015fmi\u015f Y\u00f6netim Plan\u0131<\/li>\n<li class=\"active\">Google Harita Konumu<\/li>\n<li class=\"active\">\u0130leti\u015fim formu<\/li>\n<li class=\"active\">Geli\u015fmi\u015f Y\u00f6netim Plan\u0131<\/li>\n<li class=\"active\">Google Harita Konumu<\/li>\n<li class=\"active\">Whatsapp Butonu<\/li>\n<li class=\"active\">SSL (G\u00fcvenlik Sertifikas\u0131)<\/li>\n<li class=\"active\">Google Harita Konumu<\/li>\n\n<\/ul><\/div>\r\n\t\t\t\t<a href=\"#\" class=\"octf-btn\">\u00dcCRETS\u0130Z \u00d6N G\u00d6R\u00dc\u015eME<\/a>\r\n\t\t\t<\/div>\r\n\t\t<\/div>\r\n\r\n\t    \t\t\t\t<\/div>\n\t\t\t\t<\/div>\n\t\t\t\t\t<\/div>\n\t\t<\/div>\n\t\t\t\t<div class=\"elementor-column elementor-col-33 elementor-inner-column elementor-element elementor-element-4d2a415 ot-flex-column-vertical\" data-id=\"4d2a415\" data-element_type=\"column\">\n\t\t\t<div class=\"elementor-widget-wrap elementor-element-populated\">\n\t\t\t\t\t\t<div class=\"elementor-element elementor-element-4ba503c elementor-widget elementor-widget-ipricingtable\" data-id=\"4ba503c\" data-element_type=\"widget\" data-widget_type=\"ipricingtable.default\">\n\t\t\t\t<div class=\"elementor-widget-container\">\n\t\t\t\t\t\r\n\t\t<div class=\"ot-pricing-table\">\r\n\t\t\t\t\t\t\t<div class=\"icon-main\">\r\n\t\t\t\t\t\t\t\t    \t\t\t        \t<span class=\"flaticon-report\"><\/span>\t\t\t\t<\/div>\r\n\t\t\t\t\t\t<div class=\"inner-table\">\r\n\t\t\t\t<h4 class=\"title-table\">Kurumsal Paketi<\/h4>\r\n\t\t\t\t<h2><sup>\u20ba<\/sup> 15.000<\/h2>\r\n\t\t\t\t<span>Monthly Package<\/span>\r\n\t\t\t\t<div class=\"details \"><ul>\n<li class=\"active\">10-15 Sayfaya Kadar Web Sitesi<\/li>\n<li class=\"active\">2 Adet Kurumsal Mail Adresi<\/li>\n<li class=\"active\">Dil Se\u00e7ene\u011fi\/ 2 Adet<\/li>\n<li class=\"active\">Google Harita Kayd\u0131<\/li>\n<li class=\"active\">Google Analytics Kurulumu<\/li>\n<li class=\"active\">Google Search Console Kayd\u0131<\/li>\n<li class=\"active\">\u015eirketinize \u00d6zel Logo \u00c7al\u0131\u015fmas\u0131<\/li>\n<li class=\"active\">\u00dccretsiz Domain (Alan Ad\u0131)<\/li>\n<li class=\"active\">\u00dccretsiz Ultra H\u0131zl\u0131 Hosting<\/li>\n<li class=\"active\">Temel SEO ayarlar\u0131<\/li>\n<li class=\"active\">\u0130leti\u015fim formu<\/li>\n<li class=\"active\">Geli\u015fmi\u015f Y\u00f6netim Plan\u0131<\/li>\n<li class=\"active\">Google Harita Konumu<\/li>\n<li class=\"active\">\u0130leti\u015fim formu<\/li>\n<li class=\"active\">Geli\u015fmi\u015f Y\u00f6netim Plan\u0131<\/li>\n<li class=\"active\">Google Harita Konumu<\/li>\n<li class=\"active\">Whatsapp Butonu<\/li>\n<li class=\"active\">SSL (G\u00fcvenlik Sertifikas\u0131)<\/li>\n<li class=\"active\">Google Harita Konumu<\/li>\n<\/ul><\/div>\r\n\t\t\t\t<a href=\"#\" class=\"octf-btn\">\u00dcCRETS\u0130Z \u00d6N G\u00d6R\u00dc\u015eME<\/a>\r\n\t\t\t<\/div>\r\n\t\t<\/div>\r\n\r\n\t    \t\t\t\t<\/div>\n\t\t\t\t<\/div>\n\t\t\t\t\t<\/div>\n\t\t<\/div>\n\t\t\t\t<div class=\"elementor-column elementor-col-33 elementor-inner-column elementor-element elementor-element-b262631 ot-flex-column-vertical\" data-id=\"b262631\" data-element_type=\"column\">\n\t\t\t<div class=\"elementor-widget-wrap elementor-element-populated\">\n\t\t\t\t\t\t<div class=\"elementor-element elementor-element-7aa146e elementor-widget elementor-widget-ipricingtable\" data-id=\"7aa146e\" data-element_type=\"widget\" data-widget_type=\"ipricingtable.default\">\n\t\t\t\t<div class=\"elementor-widget-container\">\n\t\t\t\t\t\r\n\t\t<div class=\"ot-pricing-table\">\r\n\t\t\t\t\t\t\t<div class=\"icon-main\">\r\n\t\t\t\t\t\t\t\t    \t\t\t        \t<span class=\"flaticon-ui\"><\/span>\t\t\t\t<\/div>\r\n\t\t\t\t\t\t<div class=\"inner-table\">\r\n\t\t\t\t<h4 class=\"title-table\">E-Ticaret<\/h4>\r\n\t\t\t\t<h2><sup>\u20ba<\/sup> 30.000<\/h2>\r\n\t\t\t\t<span>Monthly Package<\/span>\r\n\t\t\t\t<div class=\"details \"><ul>\n<li class=\"active\">30+ Sayfa E-Ticaret Sitesi<\/li>\n<li class=\"active\">2 Adet Kurumsal Mail Adresi<\/li>\n<li class=\"active\">Dil Se\u00e7ene\u011fi\/ 2 Adet<\/li>\n<li class=\"active\">Google Harita Kayd\u0131<\/li>\n<li class=\"active\">Google Analytics Kurulumu<\/li>\n<li class=\"active\">Google Search Console Kayd\u0131<\/li>\n<li class=\"active\">\u015eirketinize \u00d6zel Logo \u00c7al\u0131\u015fmas\u0131<\/li>\n<li class=\"active\">\u00dccretsiz Domain (Alan Ad\u0131)<\/li>\n<li class=\"active\">\u00dccretsiz Ultra H\u0131zl\u0131 Hosting<\/li>\n<li class=\"active\">Temel SEO ayarlar\u0131<\/li>\n<li class=\"active\">\u0130leti\u015fim formu<\/li>\n<li class=\"active\">Geli\u015fmi\u015f Y\u00f6netim Plan\u0131<\/li>\n<li class=\"active\">Google Harita Konumu<\/li>\n<li class=\"active\">\u0130leti\u015fim formu<\/li>\n<li class=\"active\">Geli\u015fmi\u015f Y\u00f6netim Plan\u0131<\/li>\n<li class=\"active\">Google Harita Konumu<\/li>\n<li class=\"active\">Whatsapp Butonu<\/li>\n<li class=\"active\">SSL (G\u00fcvenlik Sertifikas\u0131)<\/li>\n<li class=\"active\">Google Harita Konumu<\/li>\n<li class=\"active\">\u00dcr\u00fcn Se\u00e7enek\/Varyant Sistemi <\/li>\n<li class=\"active\">\u00dcr\u00fcn Kategori Mod\u00fcl\u00fc<\/li>\n<li class=\"active\">Sepet Mod\u00fcl\u00fc<\/li>\n<li class=\"active\">Kredi Kart\u0131 Mod\u00fcl\u00fc<\/li>\n<li class=\"active\">\u0130ndirim Kuponu Mod\u00fcl\u00fc<\/li>\n<\/ul><\/div>\r\n\t\t\t\t<a href=\"#\" class=\"octf-btn\">\u00dcCRETS\u0130Z \u00d6N G\u00d6R\u00dc\u015eME<\/a>\r\n\t\t\t<\/div>\r\n\t\t<\/div>\r\n\r\n\t    \t\t\t\t<\/div>\n\t\t\t\t<\/div>\n\t\t\t\t\t<\/div>\n\t\t<\/div>\n\t\t\t\t\t<\/div>\n\t\t<\/section>\n\t\t\t\t<div class=\"elementor-element elementor-element-072ea41 partners elementor-widget elementor-widget-image-carousel\" data-id=\"072ea41\" data-element_type=\"widget\" data-settings=\"{&quot;slides_to_show&quot;:&quot;6&quot;,&quot;slides_to_show_tablet&quot;:&quot;4&quot;,&quot;slides_to_show_mobile&quot;:&quot;2&quot;,&quot;slides_to_scroll&quot;:&quot;1&quot;,&quot;navigation&quot;:&quot;none&quot;,&quot;autoplay_speed&quot;:6000,&quot;image_spacing_custom&quot;:{&quot;unit&quot;:&quot;px&quot;,&quot;size&quot;:80,&quot;sizes&quot;:[]},&quot;autoplay&quot;:&quot;yes&quot;,&quot;pause_on_hover&quot;:&quot;yes&quot;,&quot;pause_on_interaction&quot;:&quot;yes&quot;,&quot;infinite&quot;:&quot;yes&quot;,&quot;speed&quot;:500,&quot;image_spacing_custom_tablet&quot;:{&quot;unit&quot;:&quot;px&quot;,&quot;size&quot;:&quot;&quot;,&quot;sizes&quot;:[]},&quot;image_spacing_custom_mobile&quot;:{&quot;unit&quot;:&quot;px&quot;,&quot;size&quot;:&quot;&quot;,&quot;sizes&quot;:[]}}\" data-widget_type=\"image-carousel.default\">\n\t\t\t\t\t\t\t<div class=\"elementor-image-carousel-wrapper swiper\" role=\"region\" aria-roledescription=\"carousel\" aria-label=\"Image Carousel\" dir=\"ltr\">\n\t\t\t<div class=\"elementor-image-carousel swiper-wrapper\" aria-live=\"off\">\n\t\t\t\t\t\t\t\t<div class=\"swiper-slide\" role=\"group\" aria-roledescription=\"slide\" aria-label=\"1 \/ 6\"><a data-elementor-open-lightbox=\"yes\" data-elementor-lightbox-slideshow=\"072ea41\" data-elementor-lightbox-title=\"R2\" data-e-action-hash=\"#elementor-action%3Aaction%3Dlightbox%26settings%3DeyJpZCI6NTI0NSwidXJsIjoiaHR0cHM6XC9cL3ZhcmRhcnlhemlsaW0uY29tXC93cC1jb250ZW50XC91cGxvYWRzXC8yMDI2XC8wMVwvUjItMS5wbmciLCJzbGlkZXNob3ciOiIwNzJlYTQxIn0%3D\" href=\"http:\/\/themeforest.net\/user\/OceanThemes\/portfolio\" target=\"_blank\"><figure class=\"swiper-slide-inner\"><img decoding=\"async\" class=\"swiper-slide-image\" src=\"https:\/\/vardaryazilim.com\/wp-content\/uploads\/2026\/01\/R2-1.png\" alt=\"R2\" \/><\/figure><\/a><\/div><div class=\"swiper-slide\" role=\"group\" aria-roledescription=\"slide\" aria-label=\"2 \/ 6\"><a data-elementor-open-lightbox=\"yes\" data-elementor-lightbox-slideshow=\"072ea41\" data-elementor-lightbox-title=\"Paragraf metniniz (1)\" data-e-action-hash=\"#elementor-action%3Aaction%3Dlightbox%26settings%3DeyJpZCI6NTI0NCwidXJsIjoiaHR0cHM6XC9cL3ZhcmRhcnlhemlsaW0uY29tXC93cC1jb250ZW50XC91cGxvYWRzXC8yMDI2XC8wMVwvUGFyYWdyYWYtbWV0bmluaXotMS0xLnBuZyIsInNsaWRlc2hvdyI6IjA3MmVhNDEifQ%3D%3D\" href=\"http:\/\/themeforest.net\/user\/OceanThemes\/portfolio\" target=\"_blank\"><figure class=\"swiper-slide-inner\"><img decoding=\"async\" class=\"swiper-slide-image\" src=\"https:\/\/vardaryazilim.com\/wp-content\/uploads\/2026\/01\/Paragraf-metniniz-1-1.png\" alt=\"Paragraf metniniz (1)\" \/><\/figure><\/a><\/div><div class=\"swiper-slide\" role=\"group\" aria-roledescription=\"slide\" aria-label=\"3 \/ 6\"><a data-elementor-open-lightbox=\"yes\" data-elementor-lightbox-slideshow=\"072ea41\" data-elementor-lightbox-title=\"R6\" data-e-action-hash=\"#elementor-action%3Aaction%3Dlightbox%26settings%3DeyJpZCI6NTI0MywidXJsIjoiaHR0cHM6XC9cL3ZhcmRhcnlhemlsaW0uY29tXC93cC1jb250ZW50XC91cGxvYWRzXC8yMDI2XC8wMVwvUjYtMS5wbmciLCJzbGlkZXNob3ciOiIwNzJlYTQxIn0%3D\" href=\"http:\/\/themeforest.net\/user\/OceanThemes\/portfolio\" target=\"_blank\"><figure class=\"swiper-slide-inner\"><img decoding=\"async\" class=\"swiper-slide-image\" src=\"https:\/\/vardaryazilim.com\/wp-content\/uploads\/2026\/01\/R6-1.png\" alt=\"R6\" \/><\/figure><\/a><\/div><div class=\"swiper-slide\" role=\"group\" aria-roledescription=\"slide\" aria-label=\"4 \/ 6\"><a data-elementor-open-lightbox=\"yes\" data-elementor-lightbox-slideshow=\"072ea41\" data-elementor-lightbox-title=\"R5\" data-e-action-hash=\"#elementor-action%3Aaction%3Dlightbox%26settings%3DeyJpZCI6NTI0MiwidXJsIjoiaHR0cHM6XC9cL3ZhcmRhcnlhemlsaW0uY29tXC93cC1jb250ZW50XC91cGxvYWRzXC8yMDI2XC8wMVwvUjUtMS5wbmciLCJzbGlkZXNob3ciOiIwNzJlYTQxIn0%3D\" href=\"http:\/\/themeforest.net\/user\/OceanThemes\/portfolio\" target=\"_blank\"><figure class=\"swiper-slide-inner\"><img decoding=\"async\" class=\"swiper-slide-image\" src=\"https:\/\/vardaryazilim.com\/wp-content\/uploads\/2026\/01\/R5-1.png\" alt=\"R5\" \/><\/figure><\/a><\/div><div class=\"swiper-slide\" role=\"group\" aria-roledescription=\"slide\" aria-label=\"5 \/ 6\"><a data-elementor-open-lightbox=\"yes\" data-elementor-lightbox-slideshow=\"072ea41\" data-elementor-lightbox-title=\"R4\" data-e-action-hash=\"#elementor-action%3Aaction%3Dlightbox%26settings%3DeyJpZCI6NTI0MSwidXJsIjoiaHR0cHM6XC9cL3ZhcmRhcnlhemlsaW0uY29tXC93cC1jb250ZW50XC91cGxvYWRzXC8yMDI2XC8wMVwvUjQtMS5wbmciLCJzbGlkZXNob3ciOiIwNzJlYTQxIn0%3D\" href=\"http:\/\/themeforest.net\/user\/OceanThemes\/portfolio\" target=\"_blank\"><figure class=\"swiper-slide-inner\"><img decoding=\"async\" class=\"swiper-slide-image\" src=\"https:\/\/vardaryazilim.com\/wp-content\/uploads\/2026\/01\/R4-1.png\" alt=\"R4\" \/><\/figure><\/a><\/div><div class=\"swiper-slide\" role=\"group\" aria-roledescription=\"slide\" aria-label=\"6 \/ 6\"><a data-elementor-open-lightbox=\"yes\" data-elementor-lightbox-slideshow=\"072ea41\" data-elementor-lightbox-title=\"R3\" data-e-action-hash=\"#elementor-action%3Aaction%3Dlightbox%26settings%3DeyJpZCI6NTI0MCwidXJsIjoiaHR0cHM6XC9cL3ZhcmRhcnlhemlsaW0uY29tXC93cC1jb250ZW50XC91cGxvYWRzXC8yMDI2XC8wMVwvUjMtMS5wbmciLCJzbGlkZXNob3ciOiIwNzJlYTQxIn0%3D\" href=\"http:\/\/themeforest.net\/user\/OceanThemes\/portfolio\" target=\"_blank\"><figure class=\"swiper-slide-inner\"><img decoding=\"async\" class=\"swiper-slide-image\" src=\"https:\/\/vardaryazilim.com\/wp-content\/uploads\/2026\/01\/R3-1.png\" alt=\"R3\" \/><\/figure><\/a><\/div>\t\t\t<\/div>\n\t\t\t\t\t\t\t\n\t\t\t\t\t\t\t\t\t<\/div>\n\t\t\t\t\t\t<\/div>\n\t\t\t\t\t<\/div>\n\t\t<\/div>\n\t\t\t\t\t<\/div>\n\t\t<\/section>\n\t\t<div class=\"elementor-element elementor-element-a3936ca e-flex e-con-boxed e-con e-parent\" data-id=\"a3936ca\" data-element_type=\"container\">\n\t\t\t\t\t<div class=\"e-con-inner\">\n\t\t\t\t<div class=\"elementor-element elementor-element-5ac1efb elementor-widget elementor-widget-iheading\" data-id=\"5ac1efb\" data-element_type=\"widget\" data-widget_type=\"iheading.default\">\n\t\t\t\t<div class=\"elementor-widget-container\">\n\t\t\t\t\t\t\t<div class=\"ot-heading\">\r\n\t        \t            <span>\/\/ Web sitesi teslim s\u00fcresi ne kadar?<\/span>\r\n\t        <p class=\"main-heading\">Projenin kapsam\u0131na g\u00f6re de\u011fi\u015fmekle birlikte web siteleri ortalama 7\u201321 i\u015f g\u00fcn\u00fc i\u00e7inde teslim edilir.<\/p>\t    <\/div>\r\n\t    \t\t\t\t<\/div>\n\t\t\t\t<\/div>\n\t\t\t\t<div class=\"elementor-element elementor-element-ea57ca0 elementor-widget elementor-widget-iheading\" data-id=\"ea57ca0\" data-element_type=\"widget\" data-widget_type=\"iheading.default\">\n\t\t\t\t<div class=\"elementor-widget-container\">\n\t\t\t\t\t\t\t<div class=\"ot-heading\">\r\n\t        \t            <span>\/\/ E-ticaret sitesi kurulumunda \u00f6deme sistemleri dahil mi?<\/span>\r\n\t        <p class=\"main-heading\">Evet. E-ticaret projelerinde \u00f6deme ve kargo entegrasyonlar\u0131 kurulumu yap\u0131l\u0131r.<\/p>\t    <\/div>\r\n\t    \t\t\t\t<\/div>\n\t\t\t\t<\/div>\n\t\t\t\t<div class=\"elementor-element elementor-element-d660f8d elementor-widget elementor-widget-iheading\" data-id=\"d660f8d\" data-element_type=\"widget\" data-widget_type=\"iheading.default\">\n\t\t\t\t<div class=\"elementor-widget-container\">\n\t\t\t\t\t\t\t<div class=\"ot-heading\">\r\n\t        \t            <span>\/\/ Proje sonras\u0131 destek veriyor musunuz?<\/span>\r\n\t        <p class=\"main-heading\">Evet. Teslim sonras\u0131 teknik destek sunuyoruz. Uzun vadeli destek i\u00e7in bak\u0131m paketlerimiz mevcuttur.<\/p>\t    <\/div>\r\n\t    \t\t\t\t<\/div>\n\t\t\t\t<\/div>\n\t\t\t\t<div class=\"elementor-element elementor-element-b377b21 elementor-widget elementor-widget-iheading\" data-id=\"b377b21\" data-element_type=\"widget\" data-widget_type=\"iheading.default\">\n\t\t\t\t<div class=\"elementor-widget-container\">\n\t\t\t\t\t\t\t<div class=\"ot-heading\">\r\n\t        \t            <span>\/\/ Web tasar\u0131m fiyatlar\u0131 neden de\u011fi\u015fken?<\/span>\r\n\t        <p class=\"main-heading\">\u0130\u00e7erik say\u0131s\u0131, \u00f6zel talepler, entegrasyonlar ve tasar\u0131m detaylar\u0131 fiyatlar\u0131 etkiler. Bu nedenle net fiyat i\u00e7in \u00f6n g\u00f6r\u00fc\u015fme yap\u0131l\u0131r.<\/p>\t    <\/div>\r\n\t    \t\t\t\t<\/div>\n\t\t\t\t<\/div>\n\t\t\t\t\t<\/div>\n\t\t\t\t<\/div>\n\t\t\t\t<\/div>\n\t\t","protected":false},"excerpt":{"rendered":"<p>\/\/ Web Tasar\u0131m Hizmetleri Markan\u0131za \u00d6zel, H\u0131zl\u0131 ve SEO Uyumlu Web Siteleri 01. Kurumsal Web Sitesi Firman\u0131z\u0131 profesyonel \u015fekilde temsil eden, g\u00fcven veren ve modern tasar\u0131mlar. 02. E-Ticaret Web Sitesi \u00dcr\u00fcnlerinizi kolayca y\u00f6netin, online sat\u0131\u015fa h\u0131zl\u0131ca ba\u015flay\u0131n. 03. \u00d6zel Yaz\u0131l\u0131m Web Siteleri \u0130htiyaca \u00f6zel, tamamen size ait yaz\u0131l\u0131m altyap\u0131s\u0131. 04. Landing Page (Tan\u0131t\u0131m Sayfas\u0131) Reklam [&hellip;]<\/p>\n","protected":false},"author":1,"featured_media":0,"parent":2407,"menu_order":0,"comment_status":"closed","ping_status":"closed","template":"","meta":{"footnotes":""},"class_list":["post-1583","page","type-page","status-publish","hentry"],"_links":{"self":[{"href":"https:\/\/vardaryazilim.com\/index.php\/wp-json\/wp\/v2\/pages\/1583","targetHints":{"allow":["GET"]}}],"collection":[{"href":"https:\/\/vardaryazilim.com\/index.php\/wp-json\/wp\/v2\/pages"}],"about":[{"href":"https:\/\/vardaryazilim.com\/index.php\/wp-json\/wp\/v2\/types\/page"}],"author":[{"embeddable":true,"href":"https:\/\/vardaryazilim.com\/index.php\/wp-json\/wp\/v2\/users\/1"}],"replies":[{"embeddable":true,"href":"https:\/\/vardaryazilim.com\/index.php\/wp-json\/wp\/v2\/comments?post=1583"}],"version-history":[{"count":29,"href":"https:\/\/vardaryazilim.com\/index.php\/wp-json\/wp\/v2\/pages\/1583\/revisions"}],"predecessor-version":[{"id":5427,"href":"https:\/\/vardaryazilim.com\/index.php\/wp-json\/wp\/v2\/pages\/1583\/revisions\/5427"}],"up":[{"embeddable":true,"href":"https:\/\/vardaryazilim.com\/index.php\/wp-json\/wp\/v2\/pages\/2407"}],"wp:attachment":[{"href":"https:\/\/vardaryazilim.com\/index.php\/wp-json\/wp\/v2\/media?parent=1583"}],"curies":[{"name":"wp","href":"https:\/\/api.w.org\/{rel}","templated":true}]}}