{"id":1579,"date":"2020-01-09T04:10:53","date_gmt":"2020-01-09T04:10:53","guid":{"rendered":"http:\/\/wpdemo.archiwp.com\/engitech\/?page_id=1579"},"modified":"2026-01-08T23:48:23","modified_gmt":"2026-01-08T20:48:23","slug":"hakkimizda","status":"publish","type":"page","link":"https:\/\/vardaryazilim.com\/index.php\/hakkimizda\/","title":{"rendered":"Hakk\u0131m\u0131zda"},"content":{"rendered":"\t\t<div data-elementor-type=\"wp-page\" data-elementor-id=\"1579\" class=\"elementor elementor-1579\">\n\t\t\t\t\t\t<section class=\"elementor-section elementor-top-section elementor-element elementor-element-7f3cbd8 elementor-section-content-middle ot-traditional elementor-section-boxed elementor-section-height-default elementor-section-height-default\" data-id=\"7f3cbd8\" data-element_type=\"section\" data-settings=\"{&quot;background_background&quot;:&quot;classic&quot;}\">\n\t\t\t\t\t\t<div class=\"elementor-container elementor-column-gap-extended\">\n\t\t\t\t\t<div class=\"elementor-column elementor-col-50 elementor-top-column elementor-element elementor-element-9fc2569 ot-flex-column-vertical\" data-id=\"9fc2569\" data-element_type=\"column\">\n\t\t\t<div class=\"elementor-widget-wrap elementor-element-populated\">\n\t\t\t\t\t\t<div class=\"elementor-element elementor-element-925ee15 elementor-widget elementor-widget-iheading\" data-id=\"925ee15\" data-element_type=\"widget\" data-widget_type=\"iheading.default\">\n\t\t\t\t<div class=\"elementor-widget-container\">\n\t\t\t\t\t\t\t<div class=\"ot-heading\">\r\n\t        <h2 class=\"main-heading\">Vardar Yaz\u0131l\u0131m | Hakk\u0131m\u0131zda<\/h2>\t    <\/div>\r\n\t    \t\t\t\t<\/div>\n\t\t\t\t<\/div>\n\t\t\t\t<div class=\"elementor-element elementor-element-5f326aa elementor-widget elementor-widget-text-editor\" data-id=\"5f326aa\" data-element_type=\"widget\" data-widget_type=\"text-editor.default\">\n\t\t\t\t\t\t\t\t\t<p>Vardar Yaz\u0131l\u0131m, markalar\u0131n dijital d\u00fcnyada g\u00fc\u00e7l\u00fc ve s\u00fcrd\u00fcr\u00fclebilir bir varl\u0131k olu\u015fturmas\u0131na yard\u0131mc\u0131 olmak amac\u0131yla kurulmu\u015f bir yaz\u0131l\u0131m ve dijital \u00e7\u00f6z\u00fcmler ajans\u0131d\u0131r. Web tasar\u0131m, mobil uygulama, pazaryeri entegrasyonlar\u0131, grafik tasar\u0131m ve sosyal medya y\u00f6netimi alanlar\u0131nda u\u00e7tan uca hizmet sunuyoruz.<\/p><p>Her projeye haz\u0131r bir \u015fablon gibi de\u011fil, <strong>kendi i\u015fimiz gibi<\/strong> yakla\u015f\u0131yoruz. \u0130htiyac\u0131 do\u011fru analiz ediyor, sade ama etkili \u00e7\u00f6z\u00fcmler \u00fcretiyoruz.<\/p>\t\t\t\t\t\t\t\t<\/div>\n\t\t\t\t<div class=\"elementor-element elementor-element-5df7912 elementor-widget elementor-widget-ivideopopup\" data-id=\"5df7912\" data-element_type=\"widget\" data-widget_type=\"ivideopopup.default\">\n\t\t\t\t<div class=\"elementor-widget-container\">\n\t\t\t\t\t\t\t<div class=\"video-popup\">\r\n\t\t\t<div class=\"btn-inner\">\r\n\t\t        <a class=\"btn-play\" href=\"https:\/\/www.youtube.com\/watch?v=lfDZJqSrIuk\">\r\n\t\t        \t<i class=\"flaticon-play\"><\/i>\r\n\t\t        \t\t\t        \t<span class=\"circle-1\"><\/span>\r\n\t\t\t\t\t<span class=\"circle-2\"><\/span>\r\n\t\t\t\t\t\t\t        <\/a>\r\n\t        <\/div>\r\n\t        <span>video showcase<\/span>\t    <\/div>\r\n\t    \t\t\t\t<\/div>\n\t\t\t\t<\/div>\n\t\t\t\t\t<\/div>\n\t\t<\/div>\n\t\t\t\t<div class=\"elementor-column elementor-col-50 elementor-top-column elementor-element elementor-element-7564da8 ot-flex-column-vertical\" data-id=\"7564da8\" data-element_type=\"column\">\n\t\t\t<div class=\"elementor-widget-wrap\">\n\t\t\t\t\t\t\t<\/div>\n\t\t<\/div>\n\t\t\t\t\t<\/div>\n\t\t<\/section>\n\t\t\t\t<section class=\"elementor-section elementor-top-section elementor-element elementor-element-b166d59 ot-traditional elementor-section-boxed elementor-section-height-default elementor-section-height-default\" data-id=\"b166d59\" data-element_type=\"section\" data-settings=\"{&quot;background_background&quot;:&quot;classic&quot;}\">\n\t\t\t\t\t\t<div class=\"elementor-container elementor-column-gap-default\">\n\t\t\t\t\t<div class=\"elementor-column elementor-col-100 elementor-top-column elementor-element elementor-element-1e7336e ot-flex-column-vertical\" data-id=\"1e7336e\" data-element_type=\"column\">\n\t\t\t<div class=\"elementor-widget-wrap elementor-element-populated\">\n\t\t\t\t\t\t<div class=\"elementor-element elementor-element-8773cc6 partners elementor-widget elementor-widget-image-carousel\" data-id=\"8773cc6\" data-element_type=\"widget\" data-settings=\"{&quot;slides_to_show&quot;:&quot;6&quot;,&quot;slides_to_show_tablet&quot;:&quot;4&quot;,&quot;slides_to_show_mobile&quot;:&quot;2&quot;,&quot;slides_to_scroll&quot;:&quot;1&quot;,&quot;navigation&quot;:&quot;none&quot;,&quot;autoplay_speed&quot;:6000,&quot;image_spacing_custom&quot;:{&quot;unit&quot;:&quot;px&quot;,&quot;size&quot;:80,&quot;sizes&quot;:[]},&quot;autoplay&quot;:&quot;yes&quot;,&quot;pause_on_hover&quot;:&quot;yes&quot;,&quot;pause_on_interaction&quot;:&quot;yes&quot;,&quot;infinite&quot;:&quot;yes&quot;,&quot;speed&quot;:500,&quot;image_spacing_custom_tablet&quot;:{&quot;unit&quot;:&quot;px&quot;,&quot;size&quot;:&quot;&quot;,&quot;sizes&quot;:[]},&quot;image_spacing_custom_mobile&quot;:{&quot;unit&quot;:&quot;px&quot;,&quot;size&quot;:&quot;&quot;,&quot;sizes&quot;:[]}}\" data-widget_type=\"image-carousel.default\">\n\t\t\t\t\t\t\t<div class=\"elementor-image-carousel-wrapper swiper\" role=\"region\" aria-roledescription=\"carousel\" aria-label=\"Resim D\u00f6ng\u00fcs\u00fc\" dir=\"ltr\">\n\t\t\t<div class=\"elementor-image-carousel swiper-wrapper\" aria-live=\"off\">\n\t\t\t\t\t\t\t\t<div class=\"swiper-slide\" role=\"group\" aria-roledescription=\"slide\" aria-label=\"1 \/ 6\"><a data-elementor-open-lightbox=\"yes\" data-elementor-lightbox-slideshow=\"8773cc6\" data-elementor-lightbox-title=\"client1\" data-e-action-hash=\"#elementor-action%3Aaction%3Dlightbox%26settings%3DeyJpZCI6MjMyOCwidXJsIjoiaHR0cHM6XC9cL3ZhcmRhcnlhemlsaW0uY29tXC93cC1jb250ZW50XC91cGxvYWRzXC8yMDIwXC8wM1wvY2xpZW50MS5zdmciLCJzbGlkZXNob3ciOiI4NzczY2M2In0%3D\" href=\"http:\/\/themeforest.net\/user\/OceanThemes\/portfolio\" target=\"_blank\"><figure class=\"swiper-slide-inner\"><img decoding=\"async\" class=\"swiper-slide-image\" src=\"https:\/\/vardaryazilim.com\/wp-content\/uploads\/2020\/03\/client1.svg\" alt=\"client1\" \/><\/figure><\/a><\/div><div class=\"swiper-slide\" role=\"group\" aria-roledescription=\"slide\" aria-label=\"2 \/ 6\"><a data-elementor-open-lightbox=\"yes\" data-elementor-lightbox-slideshow=\"8773cc6\" data-elementor-lightbox-title=\"client6\" data-e-action-hash=\"#elementor-action%3Aaction%3Dlightbox%26settings%3DeyJpZCI6MjMzMywidXJsIjoiaHR0cHM6XC9cL3ZhcmRhcnlhemlsaW0uY29tXC93cC1jb250ZW50XC91cGxvYWRzXC8yMDIwXC8wM1wvY2xpZW50Ni5zdmciLCJzbGlkZXNob3ciOiI4NzczY2M2In0%3D\" href=\"http:\/\/themeforest.net\/user\/OceanThemes\/portfolio\" target=\"_blank\"><figure class=\"swiper-slide-inner\"><img decoding=\"async\" class=\"swiper-slide-image\" src=\"https:\/\/vardaryazilim.com\/wp-content\/uploads\/2020\/03\/client6.svg\" alt=\"client6\" \/><\/figure><\/a><\/div><div class=\"swiper-slide\" role=\"group\" aria-roledescription=\"slide\" aria-label=\"3 \/ 6\"><a data-elementor-open-lightbox=\"yes\" data-elementor-lightbox-slideshow=\"8773cc6\" data-elementor-lightbox-title=\"client5\" data-e-action-hash=\"#elementor-action%3Aaction%3Dlightbox%26settings%3DeyJpZCI6MjMzMiwidXJsIjoiaHR0cHM6XC9cL3ZhcmRhcnlhemlsaW0uY29tXC93cC1jb250ZW50XC91cGxvYWRzXC8yMDIwXC8wM1wvY2xpZW50NS5zdmciLCJzbGlkZXNob3ciOiI4NzczY2M2In0%3D\" href=\"http:\/\/themeforest.net\/user\/OceanThemes\/portfolio\" target=\"_blank\"><figure class=\"swiper-slide-inner\"><img decoding=\"async\" class=\"swiper-slide-image\" src=\"https:\/\/vardaryazilim.com\/wp-content\/uploads\/2020\/03\/client5.svg\" alt=\"client5\" \/><\/figure><\/a><\/div><div class=\"swiper-slide\" role=\"group\" aria-roledescription=\"slide\" aria-label=\"4 \/ 6\"><a data-elementor-open-lightbox=\"yes\" data-elementor-lightbox-slideshow=\"8773cc6\" data-elementor-lightbox-title=\"client4\" data-e-action-hash=\"#elementor-action%3Aaction%3Dlightbox%26settings%3DeyJpZCI6MjM3MywidXJsIjoiaHR0cHM6XC9cL3ZhcmRhcnlhemlsaW0uY29tXC93cC1jb250ZW50XC91cGxvYWRzXC8yMDIwXC8wM1wvY2xpZW50NC5wbmciLCJzbGlkZXNob3ciOiI4NzczY2M2In0%3D\" href=\"http:\/\/themeforest.net\/user\/OceanThemes\/portfolio\" target=\"_blank\"><figure class=\"swiper-slide-inner\"><img decoding=\"async\" class=\"swiper-slide-image\" src=\"https:\/\/vardaryazilim.com\/wp-content\/uploads\/2020\/03\/client4.png\" alt=\"client4\" \/><\/figure><\/a><\/div><div class=\"swiper-slide\" role=\"group\" aria-roledescription=\"slide\" aria-label=\"5 \/ 6\"><a data-elementor-open-lightbox=\"yes\" data-elementor-lightbox-slideshow=\"8773cc6\" data-elementor-lightbox-title=\"client2\" data-e-action-hash=\"#elementor-action%3Aaction%3Dlightbox%26settings%3DeyJpZCI6MjMyOSwidXJsIjoiaHR0cHM6XC9cL3ZhcmRhcnlhemlsaW0uY29tXC93cC1jb250ZW50XC91cGxvYWRzXC8yMDIwXC8wM1wvY2xpZW50Mi5zdmciLCJzbGlkZXNob3ciOiI4NzczY2M2In0%3D\" href=\"http:\/\/themeforest.net\/user\/OceanThemes\/portfolio\" target=\"_blank\"><figure class=\"swiper-slide-inner\"><img decoding=\"async\" class=\"swiper-slide-image\" src=\"https:\/\/vardaryazilim.com\/wp-content\/uploads\/2020\/03\/client2.svg\" alt=\"client2\" \/><\/figure><\/a><\/div><div class=\"swiper-slide\" role=\"group\" aria-roledescription=\"slide\" aria-label=\"6 \/ 6\"><a data-elementor-open-lightbox=\"yes\" data-elementor-lightbox-slideshow=\"8773cc6\" data-elementor-lightbox-title=\"client3\" data-e-action-hash=\"#elementor-action%3Aaction%3Dlightbox%26settings%3DeyJpZCI6MjMzMCwidXJsIjoiaHR0cHM6XC9cL3ZhcmRhcnlhemlsaW0uY29tXC93cC1jb250ZW50XC91cGxvYWRzXC8yMDIwXC8wM1wvY2xpZW50My5zdmciLCJzbGlkZXNob3ciOiI4NzczY2M2In0%3D\" href=\"http:\/\/themeforest.net\/user\/OceanThemes\/portfolio\" target=\"_blank\"><figure class=\"swiper-slide-inner\"><img decoding=\"async\" class=\"swiper-slide-image\" src=\"https:\/\/vardaryazilim.com\/wp-content\/uploads\/2020\/03\/client3.svg\" alt=\"client3\" \/><\/figure><\/a><\/div>\t\t\t<\/div>\n\t\t\t\t\t\t\t\n\t\t\t\t\t\t\t\t\t<\/div>\n\t\t\t\t\t\t<\/div>\n\t\t\t\t\t<\/div>\n\t\t<\/div>\n\t\t\t\t\t<\/div>\n\t\t<\/section>\n\t\t\t\t<section class=\"elementor-section elementor-top-section elementor-element elementor-element-170a49a ot-traditional elementor-section-boxed elementor-section-height-default elementor-section-height-default\" data-id=\"170a49a\" data-element_type=\"section\" data-settings=\"{&quot;background_background&quot;:&quot;classic&quot;}\">\n\t\t\t\t\t\t\t<div class=\"elementor-background-overlay\"><\/div>\n\t\t\t\t\t\t\t<div class=\"elementor-container elementor-column-gap-extended\">\n\t\t\t\t\t<div class=\"elementor-column elementor-col-50 elementor-top-column elementor-element elementor-element-43f1d1e ot-flex-column-vertical\" data-id=\"43f1d1e\" data-element_type=\"column\">\n\t\t\t<div class=\"elementor-widget-wrap elementor-element-populated\">\n\t\t\t\t\t\t<div class=\"elementor-element elementor-element-d41fd46 elementor-widget elementor-widget-image\" data-id=\"d41fd46\" data-element_type=\"widget\" data-widget_type=\"image.default\">\n\t\t\t\t\t\t\t\t\t\t\t\t\t\t\t<img fetchpriority=\"high\" decoding=\"async\" width=\"665\" height=\"493\" src=\"https:\/\/vardaryazilim.com\/wp-content\/uploads\/2020\/02\/image1-about.png\" class=\"attachment-full size-full wp-image-2244\" alt=\"\" srcset=\"https:\/\/vardaryazilim.com\/wp-content\/uploads\/2020\/02\/image1-about.png 665w, https:\/\/vardaryazilim.com\/wp-content\/uploads\/2020\/02\/image1-about-300x222.png 300w\" sizes=\"(max-width: 665px) 100vw, 665px\" \/>\t\t\t\t\t\t\t\t\t\t\t\t\t\t\t<\/div>\n\t\t\t\t\t<\/div>\n\t\t<\/div>\n\t\t\t\t<div class=\"elementor-column elementor-col-50 elementor-top-column elementor-element elementor-element-6a613e7 ot-flex-column-vertical\" data-id=\"6a613e7\" data-element_type=\"column\">\n\t\t\t<div class=\"elementor-widget-wrap elementor-element-populated\">\n\t\t\t\t\t\t<div class=\"elementor-element elementor-element-2a85ab8 elementor-widget elementor-widget-iheading\" data-id=\"2a85ab8\" data-element_type=\"widget\" data-widget_type=\"iheading.default\">\n\t\t\t\t<div class=\"elementor-widget-container\">\n\t\t\t\t\t\t\t<div class=\"ot-heading\">\r\n\t        <h2 class=\"main-heading\">Neler Yap\u0131yoruz?<\/h2>\t    <\/div>\r\n\t    \t\t\t\t<\/div>\n\t\t\t\t<\/div>\n\t\t\t\t<section class=\"elementor-section elementor-inner-section elementor-element elementor-element-bba99d0 elementor-section-full_width ot-layout_inline elementor-section-height-default elementor-section-height-default\" data-id=\"bba99d0\" data-element_type=\"section\">\n\t\t\t\t\t\t<div class=\"elementor-container elementor-column-gap-default\">\n\t\t\t\t\t<div class=\"elementor-column elementor-col-100 elementor-inner-column elementor-element elementor-element-db3d6e9 ot-flex-column-vertical\" data-id=\"db3d6e9\" data-element_type=\"column\">\n\t\t\t<div class=\"elementor-widget-wrap elementor-element-populated\">\n\t\t\t\t\t\t<div class=\"elementor-element elementor-element-fe59a98 elementor-widget elementor-widget-itechbox\" data-id=\"fe59a98\" data-element_type=\"widget\" data-widget_type=\"itechbox.default\">\n\t\t\t\t<div class=\"elementor-widget-container\">\n\t\t\t\t\t\t\t<a class=\"tech-box\" href=\"#\">\r\n\t\t\t<div class=\"icon-main\">\r\n\t\t        \t\t\t    \t\t        <span class=\"flaticon-php\"><\/span>\t        <\/div>\r\n\t        <h5><\/h5>\r\n        <\/a>\r\n\t    \t\t\t\t<\/div>\n\t\t\t\t<\/div>\n\t\t\t\t<div class=\"elementor-element elementor-element-9a6af8c elementor-widget elementor-widget-itechbox\" data-id=\"9a6af8c\" data-element_type=\"widget\" data-widget_type=\"itechbox.default\">\n\t\t\t\t<div class=\"elementor-widget-container\">\n\t\t\t\t\t\t\t<a class=\"tech-box\" href=\"#\">\r\n\t\t\t<div class=\"icon-main\">\r\n\t\t        \t\t\t    \t\t        <span class=\"flaticon-electron\"><\/span>\t        <\/div>\r\n\t        <h5><\/h5>\r\n        <\/a>\r\n\t    \t\t\t\t<\/div>\n\t\t\t\t<\/div>\n\t\t\t\t<div class=\"elementor-element elementor-element-0a9c4dd elementor-widget elementor-widget-itechbox\" data-id=\"0a9c4dd\" data-element_type=\"widget\" data-widget_type=\"itechbox.default\">\n\t\t\t\t<div class=\"elementor-widget-container\">\n\t\t\t\t\t\t\t<a class=\"tech-box\" href=\"#\">\r\n\t\t\t<div class=\"icon-main\">\r\n\t\t        \t\t\t    \t\t        <span class=\"flaticon-java\"><\/span>\t        <\/div>\r\n\t        <h5><\/h5>\r\n        <\/a>\r\n\t    \t\t\t\t<\/div>\n\t\t\t\t<\/div>\n\t\t\t\t<div class=\"elementor-element elementor-element-43f744c elementor-widget elementor-widget-itechbox\" data-id=\"43f744c\" data-element_type=\"widget\" data-widget_type=\"itechbox.default\">\n\t\t\t\t<div class=\"elementor-widget-container\">\n\t\t\t\t\t\t\t<a class=\"tech-box\" href=\"#\">\r\n\t\t\t<div class=\"icon-main\">\r\n\t\t        \t\t\t    \t\t        <span class=\"flaticon-css\"><\/span>\t        <\/div>\r\n\t        <h5><\/h5>\r\n        <\/a>\r\n\t    \t\t\t\t<\/div>\n\t\t\t\t<\/div>\n\t\t\t\t\t<\/div>\n\t\t<\/div>\n\t\t\t\t\t<\/div>\n\t\t<\/section>\n\t\t\t\t<section class=\"elementor-section elementor-inner-section elementor-element elementor-element-3c9f961 elementor-section-full_width ot-traditional elementor-section-height-default elementor-section-height-default\" data-id=\"3c9f961\" data-element_type=\"section\">\n\t\t\t\t\t\t<div class=\"elementor-container elementor-column-gap-default\">\n\t\t\t\t\t<div class=\"elementor-column elementor-col-100 elementor-inner-column elementor-element elementor-element-75497dc ot-flex-column-vertical\" data-id=\"75497dc\" data-element_type=\"column\">\n\t\t\t<div class=\"elementor-widget-wrap elementor-element-populated\">\n\t\t\t\t\t\t<div class=\"elementor-element elementor-element-d3c7251 elementor-widget elementor-widget-text-editor\" data-id=\"d3c7251\" data-element_type=\"widget\" data-widget_type=\"text-editor.default\">\n\t\t\t\t\t\t\t\t\t<ul><li><p>Kurumsal ve \u00f6zel web tasar\u0131m projeleri geli\u015ftiriyoruz<\/p><\/li><li><p>iOS ve Android mobil uygulamalar \u00fcretiyoruz<\/p><\/li><li><p>Pazaryeri entegrasyonlar\u0131 ile e-ticaret s\u00fcre\u00e7lerini kolayla\u015ft\u0131r\u0131yoruz<\/p><\/li><li><p>Markalar i\u00e7in grafik tasar\u0131m ve kurumsal kimlik \u00e7al\u0131\u015fmalar\u0131 yap\u0131yoruz<\/p><\/li><li><p>Sosyal medya y\u00f6netimi ve dijital reklam s\u00fcre\u00e7lerini y\u00f6netiyoruz<\/p><\/li><\/ul>\t\t\t\t\t\t\t\t<\/div>\n\t\t\t\t\t<\/div>\n\t\t<\/div>\n\t\t\t\t\t<\/div>\n\t\t<\/section>\n\t\t\t\t\t<\/div>\n\t\t<\/div>\n\t\t\t\t\t<\/div>\n\t\t<\/section>\n\t\t\t\t<\/div>\n\t\t","protected":false},"excerpt":{"rendered":"<p>Vardar Yaz\u0131l\u0131m | Hakk\u0131m\u0131zda Vardar Yaz\u0131l\u0131m, markalar\u0131n dijital d\u00fcnyada g\u00fc\u00e7l\u00fc ve s\u00fcrd\u00fcr\u00fclebilir bir varl\u0131k olu\u015fturmas\u0131na yard\u0131mc\u0131 olmak amac\u0131yla kurulmu\u015f bir yaz\u0131l\u0131m ve dijital \u00e7\u00f6z\u00fcmler ajans\u0131d\u0131r. Web tasar\u0131m, mobil uygulama, pazaryeri entegrasyonlar\u0131, grafik tasar\u0131m ve sosyal medya y\u00f6netimi alanlar\u0131nda u\u00e7tan uca hizmet sunuyoruz. Her projeye haz\u0131r bir \u015fablon gibi de\u011fil, kendi i\u015fimiz gibi yakla\u015f\u0131yoruz. \u0130htiyac\u0131 do\u011fru [&hellip;]<\/p>\n","protected":false},"author":1,"featured_media":0,"parent":0,"menu_order":0,"comment_status":"closed","ping_status":"closed","template":"","meta":{"footnotes":""},"class_list":["post-1579","page","type-page","status-publish","hentry"],"_links":{"self":[{"href":"https:\/\/vardaryazilim.com\/index.php\/wp-json\/wp\/v2\/pages\/1579","targetHints":{"allow":["GET"]}}],"collection":[{"href":"https:\/\/vardaryazilim.com\/index.php\/wp-json\/wp\/v2\/pages"}],"about":[{"href":"https:\/\/vardaryazilim.com\/index.php\/wp-json\/wp\/v2\/types\/page"}],"author":[{"embeddable":true,"href":"https:\/\/vardaryazilim.com\/index.php\/wp-json\/wp\/v2\/users\/1"}],"replies":[{"embeddable":true,"href":"https:\/\/vardaryazilim.com\/index.php\/wp-json\/wp\/v2\/comments?post=1579"}],"version-history":[{"count":10,"href":"https:\/\/vardaryazilim.com\/index.php\/wp-json\/wp\/v2\/pages\/1579\/revisions"}],"predecessor-version":[{"id":5424,"href":"https:\/\/vardaryazilim.com\/index.php\/wp-json\/wp\/v2\/pages\/1579\/revisions\/5424"}],"wp:attachment":[{"href":"https:\/\/vardaryazilim.com\/index.php\/wp-json\/wp\/v2\/media?parent=1579"}],"curies":[{"name":"wp","href":"https:\/\/api.w.org\/{rel}","templated":true}]}}