{"id":1390,"date":"2020-01-03T04:23:54","date_gmt":"2020-01-03T04:23:54","guid":{"rendered":"http:\/\/wpdemo.archiwp.com\/engitech\/?page_id=1390"},"modified":"2026-01-08T23:47:53","modified_gmt":"2026-01-08T20:47:53","slug":"sikca-sorulan-sorular","status":"publish","type":"page","link":"https:\/\/vardaryazilim.com\/index.php\/sikca-sorulan-sorular\/","title":{"rendered":"S\u0131k\u00e7a Sorulan Sorular"},"content":{"rendered":"\t\t<div data-elementor-type=\"wp-page\" data-elementor-id=\"1390\" class=\"elementor elementor-1390\">\n\t\t\t\t\t\t<section class=\"elementor-section elementor-top-section elementor-element elementor-element-7217fba ot-traditional elementor-section-boxed elementor-section-height-default elementor-section-height-default\" data-id=\"7217fba\" data-element_type=\"section\">\n\t\t\t\t\t\t<div class=\"elementor-container elementor-column-gap-default\">\n\t\t\t\t\t<div class=\"elementor-column elementor-col-100 elementor-top-column elementor-element elementor-element-2fc0969 ot-flex-column-vertical\" data-id=\"2fc0969\" data-element_type=\"column\">\n\t\t\t<div class=\"elementor-widget-wrap elementor-element-populated\">\n\t\t\t\t\t\t<div class=\"elementor-element elementor-element-e69e6d7 elementor-widget elementor-widget-iheading\" data-id=\"e69e6d7\" data-element_type=\"widget\" data-widget_type=\"iheading.default\">\n\t\t\t\t<div class=\"elementor-widget-container\">\n\t\t\t\t\t\t\t<div class=\"ot-heading\">\r\n\t        \t            <span>\/\/ SSS<\/span>\r\n\t        <h2 class=\"main-heading\">S\u0131k\u00e7a Sorulan Sorular<\/h2>\t    <\/div>\r\n\t    \t\t\t\t<\/div>\n\t\t\t\t<\/div>\n\t\t\t\t<section class=\"elementor-section elementor-inner-section elementor-element elementor-element-973c550 elementor-section-full_width ot-traditional elementor-section-height-default elementor-section-height-default\" data-id=\"973c550\" data-element_type=\"section\">\n\t\t\t\t\t\t<div class=\"elementor-container elementor-column-gap-extended\">\n\t\t\t\t\t<div class=\"elementor-column elementor-col-50 elementor-inner-column elementor-element elementor-element-05e1b9e ot-flex-column-vertical\" data-id=\"05e1b9e\" data-element_type=\"column\">\n\t\t\t<div class=\"elementor-widget-wrap elementor-element-populated\">\n\t\t\t\t\t\t<div class=\"elementor-element elementor-element-890a410 elementor-widget elementor-widget-iaccordions\" data-id=\"890a410\" data-element_type=\"widget\" data-widget_type=\"iaccordions.default\">\n\t\t\t\t<div class=\"elementor-widget-container\">\n\t\t\t\t\t\r\n\t\t<div class=\"ot-accordions\">\r\n\t\t\t\t\t\t<div class=\"acc-item\">\r\n\t\t\t\t<span class=\"acc-toggle\" data-default=\"yes\">Web tasar\u0131m hizmetiniz neleri kaps\u0131yor? <i class=\"down flaticon-download-arrow\"><\/i><i class=\"up flaticon-up-arrow\"><\/i><\/span>\r\n\t\t\t\t<div class=\"acc-content\">\r\n\t\t\t\t\t<p>Kurumsal web sitesi, e-ticaret sitesi, \u00f6zel yaz\u0131l\u0131m projeleri, mobil uyumlu (responsive) tasar\u0131m, SEO altyap\u0131s\u0131 ve performans optimizasyonunu kapsar.<\/p>\t\t\t\t<\/div>\r\n\t\t\t<\/div>\r\n\t\t\t\t\t\t<div class=\"acc-item\">\r\n\t\t\t\t<span class=\"acc-toggle\" data-default=\"\">Mobil uygulama geli\u015ftiriyor musunuz? <i class=\"down flaticon-download-arrow\"><\/i><i class=\"up flaticon-up-arrow\"><\/i><\/span>\r\n\t\t\t\t<div class=\"acc-content\">\r\n\t\t\t\t\t<p>Evet. iOS ve Android platformlar\u0131 i\u00e7in performansl\u0131, kullan\u0131c\u0131 dostu ve \u00f6l\u00e7eklenebilir mobil uygulamalar geli\u015ftiriyoruz.<\/p>\t\t\t\t<\/div>\r\n\t\t\t<\/div>\r\n\t\t\t\t\t\t<div class=\"acc-item\">\r\n\t\t\t\t<span class=\"acc-toggle\" data-default=\"\">Pazaryeri entegrasyonlar\u0131 hangi platformlar\u0131 kaps\u0131yor? <i class=\"down flaticon-download-arrow\"><\/i><i class=\"up flaticon-up-arrow\"><\/i><\/span>\r\n\t\t\t\t<div class=\"acc-content\">\r\n\t\t\t\t\t<p>Trendyol, Hepsiburada, N11, Amazon,\u00c7i\u00e7eksepeti ve \u00f6zel XML \/ API entegrasyonlar\u0131 yap\u0131yoruz.<\/p>\t\t\t\t<\/div>\r\n\t\t\t<\/div>\r\n\t\t\t\t\t\t<div class=\"acc-item\">\r\n\t\t\t\t<span class=\"acc-toggle\" data-default=\"\">E-ticaret altyap\u0131lar\u0131yla \u00e7al\u0131\u015f\u0131yor musunuz? <i class=\"down flaticon-download-arrow\"><\/i><i class=\"up flaticon-up-arrow\"><\/i><\/span>\r\n\t\t\t\t<div class=\"acc-content\">\r\n\t\t\t\t\t<p>Evet. WooCommerce, OpenCart ve \u00f6zel e-ticaret altyap\u0131lar\u0131yla entegrasyon ve geli\u015ftirme yap\u0131yoruz.<\/p>\t\t\t\t<\/div>\r\n\t\t\t<\/div>\r\n\t\t\t\t\t\t<div class=\"acc-item\">\r\n\t\t\t\t<span class=\"acc-toggle\" data-default=\"\">Grafik tasar\u0131m hizmetleriniz nelerdir? <i class=\"down flaticon-download-arrow\"><\/i><i class=\"up flaticon-up-arrow\"><\/i><\/span>\r\n\t\t\t\t<div class=\"acc-content\">\r\n\t\t\t\t\t<p>Logo tasar\u0131m\u0131, kurumsal kimlik, sosyal medya g\u00f6rselleri, reklam bannerlar\u0131 ve dijital tasar\u0131m hizmetleri sunuyoruz.<\/p>\t\t\t\t<\/div>\r\n\t\t\t<\/div>\r\n\t\t\t\t    <\/div>\r\n\r\n\t    \t\t\t\t<\/div>\n\t\t\t\t<\/div>\n\t\t\t\t\t<\/div>\n\t\t<\/div>\n\t\t\t\t<div class=\"elementor-column elementor-col-50 elementor-inner-column elementor-element elementor-element-d335848 ot-flex-column-vertical\" data-id=\"d335848\" data-element_type=\"column\">\n\t\t\t<div class=\"elementor-widget-wrap elementor-element-populated\">\n\t\t\t\t\t\t<div class=\"elementor-element elementor-element-bd043a5 elementor-widget elementor-widget-iaccordions\" data-id=\"bd043a5\" data-element_type=\"widget\" data-widget_type=\"iaccordions.default\">\n\t\t\t\t<div class=\"elementor-widget-container\">\n\t\t\t\t\t\r\n\t\t<div class=\"ot-accordions\">\r\n\t\t\t\t\t\t<div class=\"acc-item\">\r\n\t\t\t\t<span class=\"acc-toggle\" data-default=\"yes\">Sosyal medya y\u00f6netimi neleri kaps\u0131yor? <i class=\"down flaticon-download-arrow\"><\/i><i class=\"up flaticon-up-arrow\"><\/i><\/span>\r\n\t\t\t\t<div class=\"acc-content\">\r\n\t\t\t\t\t<p>\u0130\u00e7erik planlama, tasar\u0131m, payla\u015f\u0131m, reklam y\u00f6netimi, hedef kitle analizi ve performans raporlamas\u0131n\u0131 kapsar.<\/p>\t\t\t\t<\/div>\r\n\t\t\t<\/div>\r\n\t\t\t\t\t\t<div class=\"acc-item\">\r\n\t\t\t\t<span class=\"acc-toggle\" data-default=\"\">Dijital reklam y\u00f6netimi yap\u0131yor musunuz? <i class=\"down flaticon-download-arrow\"><\/i><i class=\"up flaticon-up-arrow\"><\/i><\/span>\r\n\t\t\t\t<div class=\"acc-content\">\r\n\t\t\t\t\t<p>Evet. Google Ads ve Meta (Instagram &amp; Facebook) reklamlar\u0131n\u0131 stratejik ve performans odakl\u0131 \u015fekilde y\u00f6netiyoruz.<\/p>\t\t\t\t<\/div>\r\n\t\t\t<\/div>\r\n\t\t\t\t\t\t<div class=\"acc-item\">\r\n\t\t\t\t<span class=\"acc-toggle\" data-default=\"\">Web sitesi bak\u0131m ve g\u00fcncelleme hizmeti veriyor musunuz? <i class=\"down flaticon-download-arrow\"><\/i><i class=\"up flaticon-up-arrow\"><\/i><\/span>\r\n\t\t\t\t<div class=\"acc-content\">\r\n\t\t\t\t\t<p>Evet. Web siteleri i\u00e7in d\u00fczenli bak\u0131m, g\u00fcvenlik g\u00fcncellemeleri, i\u00e7erik g\u00fcncelleme ve performans iyile\u015ftirme hizmetleri sunuyoruz.<\/p>\t\t\t\t<\/div>\r\n\t\t\t<\/div>\r\n\t\t\t\t\t\t<div class=\"acc-item\">\r\n\t\t\t\t<span class=\"acc-toggle\" data-default=\"\">\u00d6zel yaz\u0131l\u0131m geli\u015ftirme yap\u0131yor musunuz? <i class=\"down flaticon-download-arrow\"><\/i><i class=\"up flaticon-up-arrow\"><\/i><\/span>\r\n\t\t\t\t<div class=\"acc-content\">\r\n\t\t\t\t\t<p>Evet. \u0130\u015f s\u00fcre\u00e7lerinize \u00f6zel web tabanl\u0131 yaz\u0131l\u0131mlar, y\u00f6netim panelleri ve otomasyon \u00e7\u00f6z\u00fcmleri geli\u015ftiriyoruz.<\/p>\t\t\t\t<\/div>\r\n\t\t\t<\/div>\r\n\t\t\t\t\t\t<div class=\"acc-item\">\r\n\t\t\t\t<span class=\"acc-toggle\" data-default=\"\">\u00c7ok dilli (multilingual) web sitesi yap\u0131yor musunuz? <i class=\"down flaticon-download-arrow\"><\/i><i class=\"up flaticon-up-arrow\"><\/i><\/span>\r\n\t\t\t\t<div class=\"acc-content\">\r\n\t\t\t\t\t<p>Evet. Birden fazla dilde yay\u0131n yapabilen, SEO uyumlu \u00e7ok dilli web siteleri geli\u015ftiriyoruz.<\/p>\t\t\t\t<\/div>\r\n\t\t\t<\/div>\r\n\t\t\t\t    <\/div>\r\n\r\n\t    \t\t\t\t<\/div>\n\t\t\t\t<\/div>\n\t\t\t\t\t<\/div>\n\t\t<\/div>\n\t\t\t\t\t<\/div>\n\t\t<\/section>\n\t\t\t\t\t<\/div>\n\t\t<\/div>\n\t\t\t\t\t<\/div>\n\t\t<\/section>\n\t\t\t\t<section class=\"elementor-section elementor-top-section elementor-element elementor-element-6118c00 ot-traditional elementor-section-boxed elementor-section-height-default elementor-section-height-default\" data-id=\"6118c00\" data-element_type=\"section\" data-settings=\"{&quot;background_background&quot;:&quot;classic&quot;}\">\n\t\t\t\t\t\t<div class=\"elementor-container elementor-column-gap-extended\">\n\t\t\t\t\t<div class=\"elementor-column elementor-col-100 elementor-top-column elementor-element elementor-element-baa3ea8 ot-flex-column-vertical\" data-id=\"baa3ea8\" data-element_type=\"column\">\n\t\t\t<div class=\"elementor-widget-wrap elementor-element-populated\">\n\t\t\t\t\t\t<section class=\"elementor-section elementor-inner-section elementor-element elementor-element-52e7c11 elementor-section-full_width elementor-section-content-bottom ot-traditional elementor-section-height-default elementor-section-height-default\" data-id=\"52e7c11\" data-element_type=\"section\" data-settings=\"{&quot;background_background&quot;:&quot;gradient&quot;}\">\n\t\t\t\t\t\t<div class=\"elementor-container elementor-column-gap-default\">\n\t\t\t\t\t<div class=\"elementor-column elementor-col-50 elementor-inner-column elementor-element elementor-element-9475a6b ot-flex-column-vertical\" data-id=\"9475a6b\" data-element_type=\"column\">\n\t\t\t<div class=\"elementor-widget-wrap elementor-element-populated\">\n\t\t\t\t\t\t<div class=\"elementor-element elementor-element-2b0288b elementor-widget elementor-widget-iheading\" data-id=\"2b0288b\" data-element_type=\"widget\" data-widget_type=\"iheading.default\">\n\t\t\t\t<div class=\"elementor-widget-container\">\n\t\t\t\t\t\t\t<div class=\"ot-heading\">\r\n\t        \t            <span>T\u00fcm Sorular\u0131n\u0131z ve <\/span>\r\n\t        <h2 class=\"main-heading\">Markan\u0131z \u0130\u00e7in Bize Ula\u015f\u0131n<\/h2>\t    <\/div>\r\n\t    \t\t\t\t<\/div>\n\t\t\t\t<\/div>\n\t\t\t\t\t<\/div>\n\t\t<\/div>\n\t\t\t\t<div class=\"elementor-column elementor-col-50 elementor-inner-column elementor-element elementor-element-16d635c ot-flex-column-vertical\" data-id=\"16d635c\" data-element_type=\"column\">\n\t\t\t<div class=\"elementor-widget-wrap elementor-element-populated\">\n\t\t\t\t\t\t<div class=\"elementor-element elementor-element-11ae7a5 elementor-align-right elementor-mobile-align-left elementor-widget elementor-widget-button\" data-id=\"11ae7a5\" data-element_type=\"widget\" data-widget_type=\"button.default\">\n\t\t\t\t\t\t\t\t\t\t<a class=\"elementor-button elementor-button-link elementor-size-md\" href=\"http:\/\/localhost\/engitech\/contacts\/\">\n\t\t\t\t\t\t<span class=\"elementor-button-content-wrapper\">\n\t\t\t\t\t\t\t\t\t<span class=\"elementor-button-text\">ileti\u015fim<\/span>\n\t\t\t\t\t<\/span>\n\t\t\t\t\t<\/a>\n\t\t\t\t\t\t\t\t<\/div>\n\t\t\t\t\t<\/div>\n\t\t<\/div>\n\t\t\t\t\t<\/div>\n\t\t<\/section>\n\t\t\t\t<div class=\"elementor-element elementor-element-adf2a06 elementor-widget elementor-widget-iheading\" data-id=\"adf2a06\" data-element_type=\"widget\" data-widget_type=\"iheading.default\">\n\t\t\t\t<div class=\"elementor-widget-container\">\n\t\t\t\t\t\t\t<div class=\"ot-heading\">\r\n\t        <h1 class=\"main-heading\">Referanslar\u0131m\u0131z<\/h1>\t    <\/div>\r\n\t    \t\t\t\t<\/div>\n\t\t\t\t<\/div>\n\t\t\t\t<div class=\"elementor-element elementor-element-efb4aef partners elementor-widget elementor-widget-image-carousel\" data-id=\"efb4aef\" data-element_type=\"widget\" data-settings=\"{&quot;slides_to_show&quot;:&quot;6&quot;,&quot;slides_to_show_tablet&quot;:&quot;4&quot;,&quot;slides_to_show_mobile&quot;:&quot;2&quot;,&quot;slides_to_scroll&quot;:&quot;1&quot;,&quot;navigation&quot;:&quot;none&quot;,&quot;autoplay_speed&quot;:6000,&quot;image_spacing_custom&quot;:{&quot;unit&quot;:&quot;px&quot;,&quot;size&quot;:80,&quot;sizes&quot;:[]},&quot;autoplay&quot;:&quot;yes&quot;,&quot;pause_on_hover&quot;:&quot;yes&quot;,&quot;pause_on_interaction&quot;:&quot;yes&quot;,&quot;infinite&quot;:&quot;yes&quot;,&quot;speed&quot;:500,&quot;image_spacing_custom_tablet&quot;:{&quot;unit&quot;:&quot;px&quot;,&quot;size&quot;:&quot;&quot;,&quot;sizes&quot;:[]},&quot;image_spacing_custom_mobile&quot;:{&quot;unit&quot;:&quot;px&quot;,&quot;size&quot;:&quot;&quot;,&quot;sizes&quot;:[]}}\" data-widget_type=\"image-carousel.default\">\n\t\t\t\t\t\t\t<div class=\"elementor-image-carousel-wrapper swiper\" role=\"region\" aria-roledescription=\"carousel\" aria-label=\"Resim D\u00f6ng\u00fcs\u00fc\" dir=\"ltr\">\n\t\t\t<div class=\"elementor-image-carousel swiper-wrapper\" aria-live=\"off\">\n\t\t\t\t\t\t\t\t<div class=\"swiper-slide\" role=\"group\" aria-roledescription=\"slide\" aria-label=\"1 \/ 6\"><a data-elementor-open-lightbox=\"yes\" data-elementor-lightbox-slideshow=\"efb4aef\" data-elementor-lightbox-title=\"R2\" data-e-action-hash=\"#elementor-action%3Aaction%3Dlightbox%26settings%3DeyJpZCI6NTIzMSwidXJsIjoiaHR0cHM6XC9cL3ZhcmRhcnlhemlsaW0uY29tXC93cC1jb250ZW50XC91cGxvYWRzXC8yMDI2XC8wMVwvUjIucG5nIiwic2xpZGVzaG93IjoiZWZiNGFlZiJ9\" href=\"http:\/\/themeforest.net\/user\/OceanThemes\/portfolio\" target=\"_blank\"><figure class=\"swiper-slide-inner\"><img decoding=\"async\" class=\"swiper-slide-image\" src=\"https:\/\/vardaryazilim.com\/wp-content\/uploads\/2026\/01\/R2.png\" alt=\"R2\" \/><\/figure><\/a><\/div><div class=\"swiper-slide\" role=\"group\" aria-roledescription=\"slide\" aria-label=\"2 \/ 6\"><a data-elementor-open-lightbox=\"yes\" data-elementor-lightbox-slideshow=\"efb4aef\" data-elementor-lightbox-title=\"R3\" data-e-action-hash=\"#elementor-action%3Aaction%3Dlightbox%26settings%3DeyJpZCI6NTIzMiwidXJsIjoiaHR0cHM6XC9cL3ZhcmRhcnlhemlsaW0uY29tXC93cC1jb250ZW50XC91cGxvYWRzXC8yMDI2XC8wMVwvUjMucG5nIiwic2xpZGVzaG93IjoiZWZiNGFlZiJ9\" href=\"http:\/\/themeforest.net\/user\/OceanThemes\/portfolio\" target=\"_blank\"><figure class=\"swiper-slide-inner\"><img decoding=\"async\" class=\"swiper-slide-image\" src=\"https:\/\/vardaryazilim.com\/wp-content\/uploads\/2026\/01\/R3.png\" alt=\"R3\" \/><\/figure><\/a><\/div><div class=\"swiper-slide\" role=\"group\" aria-roledescription=\"slide\" aria-label=\"3 \/ 6\"><a data-elementor-open-lightbox=\"yes\" data-elementor-lightbox-slideshow=\"efb4aef\" data-elementor-lightbox-title=\"R4\" data-e-action-hash=\"#elementor-action%3Aaction%3Dlightbox%26settings%3DeyJpZCI6NTIzMywidXJsIjoiaHR0cHM6XC9cL3ZhcmRhcnlhemlsaW0uY29tXC93cC1jb250ZW50XC91cGxvYWRzXC8yMDI2XC8wMVwvUjQucG5nIiwic2xpZGVzaG93IjoiZWZiNGFlZiJ9\" href=\"http:\/\/themeforest.net\/user\/OceanThemes\/portfolio\" target=\"_blank\"><figure class=\"swiper-slide-inner\"><img decoding=\"async\" class=\"swiper-slide-image\" src=\"https:\/\/vardaryazilim.com\/wp-content\/uploads\/2026\/01\/R4.png\" alt=\"R4\" \/><\/figure><\/a><\/div><div class=\"swiper-slide\" role=\"group\" aria-roledescription=\"slide\" aria-label=\"4 \/ 6\"><a data-elementor-open-lightbox=\"yes\" data-elementor-lightbox-slideshow=\"efb4aef\" data-elementor-lightbox-title=\"R5\" data-e-action-hash=\"#elementor-action%3Aaction%3Dlightbox%26settings%3DeyJpZCI6NTIzNCwidXJsIjoiaHR0cHM6XC9cL3ZhcmRhcnlhemlsaW0uY29tXC93cC1jb250ZW50XC91cGxvYWRzXC8yMDI2XC8wMVwvUjUucG5nIiwic2xpZGVzaG93IjoiZWZiNGFlZiJ9\" href=\"http:\/\/themeforest.net\/user\/OceanThemes\/portfolio\" target=\"_blank\"><figure class=\"swiper-slide-inner\"><img decoding=\"async\" class=\"swiper-slide-image\" src=\"https:\/\/vardaryazilim.com\/wp-content\/uploads\/2026\/01\/R5.png\" alt=\"R5\" \/><\/figure><\/a><\/div><div class=\"swiper-slide\" role=\"group\" aria-roledescription=\"slide\" aria-label=\"5 \/ 6\"><a data-elementor-open-lightbox=\"yes\" data-elementor-lightbox-slideshow=\"efb4aef\" data-elementor-lightbox-title=\"R6\" data-e-action-hash=\"#elementor-action%3Aaction%3Dlightbox%26settings%3DeyJpZCI6NTIzNSwidXJsIjoiaHR0cHM6XC9cL3ZhcmRhcnlhemlsaW0uY29tXC93cC1jb250ZW50XC91cGxvYWRzXC8yMDI2XC8wMVwvUjYucG5nIiwic2xpZGVzaG93IjoiZWZiNGFlZiJ9\" href=\"http:\/\/themeforest.net\/user\/OceanThemes\/portfolio\" target=\"_blank\"><figure class=\"swiper-slide-inner\"><img decoding=\"async\" class=\"swiper-slide-image\" src=\"https:\/\/vardaryazilim.com\/wp-content\/uploads\/2026\/01\/R6.png\" alt=\"R6\" \/><\/figure><\/a><\/div><div class=\"swiper-slide\" role=\"group\" aria-roledescription=\"slide\" aria-label=\"6 \/ 6\"><a data-elementor-open-lightbox=\"yes\" data-elementor-lightbox-slideshow=\"efb4aef\" data-elementor-lightbox-title=\"Paragraf metniniz (1)\" data-e-action-hash=\"#elementor-action%3Aaction%3Dlightbox%26settings%3DeyJpZCI6NTIzNiwidXJsIjoiaHR0cHM6XC9cL3ZhcmRhcnlhemlsaW0uY29tXC93cC1jb250ZW50XC91cGxvYWRzXC8yMDI2XC8wMVwvUGFyYWdyYWYtbWV0bmluaXotMS5wbmciLCJzbGlkZXNob3ciOiJlZmI0YWVmIn0%3D\" href=\"http:\/\/themeforest.net\/user\/OceanThemes\/portfolio\" target=\"_blank\"><figure class=\"swiper-slide-inner\"><img decoding=\"async\" class=\"swiper-slide-image\" src=\"https:\/\/vardaryazilim.com\/wp-content\/uploads\/2026\/01\/Paragraf-metniniz-1.png\" alt=\"Paragraf metniniz (1)\" \/><\/figure><\/a><\/div>\t\t\t<\/div>\n\t\t\t\t\t\t\t\n\t\t\t\t\t\t\t\t\t<\/div>\n\t\t\t\t\t\t<\/div>\n\t\t\t\t\t<\/div>\n\t\t<\/div>\n\t\t\t\t\t<\/div>\n\t\t<\/section>\n\t\t\t\t<\/div>\n\t\t","protected":false},"excerpt":{"rendered":"<p>\/\/ SSS S\u0131k\u00e7a Sorulan Sorular Web tasar\u0131m hizmetiniz neleri kaps\u0131yor? Kurumsal web sitesi, e-ticaret sitesi, \u00f6zel yaz\u0131l\u0131m projeleri, mobil uyumlu (responsive) tasar\u0131m, SEO altyap\u0131s\u0131 ve performans optimizasyonunu kapsar. Mobil uygulama geli\u015ftiriyor musunuz? Evet. iOS ve Android platformlar\u0131 i\u00e7in performansl\u0131, kullan\u0131c\u0131 dostu ve \u00f6l\u00e7eklenebilir mobil uygulamalar geli\u015ftiriyoruz. Pazaryeri entegrasyonlar\u0131 hangi platformlar\u0131 kaps\u0131yor? Trendyol, Hepsiburada, N11, Amazon,\u00c7i\u00e7eksepeti [&hellip;]<\/p>\n","protected":false},"author":1,"featured_media":0,"parent":0,"menu_order":0,"comment_status":"closed","ping_status":"closed","template":"","meta":{"footnotes":""},"class_list":["post-1390","page","type-page","status-publish","hentry"],"_links":{"self":[{"href":"https:\/\/vardaryazilim.com\/index.php\/wp-json\/wp\/v2\/pages\/1390","targetHints":{"allow":["GET"]}}],"collection":[{"href":"https:\/\/vardaryazilim.com\/index.php\/wp-json\/wp\/v2\/pages"}],"about":[{"href":"https:\/\/vardaryazilim.com\/index.php\/wp-json\/wp\/v2\/types\/page"}],"author":[{"embeddable":true,"href":"https:\/\/vardaryazilim.com\/index.php\/wp-json\/wp\/v2\/users\/1"}],"replies":[{"embeddable":true,"href":"https:\/\/vardaryazilim.com\/index.php\/wp-json\/wp\/v2\/comments?post=1390"}],"version-history":[{"count":44,"href":"https:\/\/vardaryazilim.com\/index.php\/wp-json\/wp\/v2\/pages\/1390\/revisions"}],"predecessor-version":[{"id":5423,"href":"https:\/\/vardaryazilim.com\/index.php\/wp-json\/wp\/v2\/pages\/1390\/revisions\/5423"}],"wp:attachment":[{"href":"https:\/\/vardaryazilim.com\/index.php\/wp-json\/wp\/v2\/media?parent=1390"}],"curies":[{"name":"wp","href":"https:\/\/api.w.org\/{rel}","templated":true}]}}